{"id":2863,"date":"2025-04-18T02:17:17","date_gmt":"2025-04-18T00:17:17","guid":{"rendered":"https:\/\/www.regionalis.shop\/ricardart\/product\/obsidian-armband-muladhara\/"},"modified":"2025-04-18T02:17:17","modified_gmt":"2025-04-18T00:17:17","slug":"obsidian-armband-muladhara","status":"publish","type":"product","link":"https:\/\/www.regionalis.shop\/ricardart\/shop\/obsidian-armband-muladhara\/","title":{"rendered":"Obsidian Armband &#8218;M\u016bl\u00e3dh\u00e3ra&#8216;"},"content":{"rendered":"<p>Handgefertigtes Armband aus gewachstem Makrameegarn (strapazierf\u00e4hig &#038; wassertauglich) mit nat\u00fcrlichen Obsidian- &#038; Lavaperlen, sowie kleinen Zwischenperlen aus Messing.<br \/>\n&#8211; mit l\u00e4ngenverstellbarem Schiebeknoten zum individuellen anpassen <\/p>\n<p>Der OBSIDIAN wird unserem Wurzelchakra zugeordnet. Er ist ein treuer &#038; guter Begleiter, wenn es darum geht, schwierige Lebensphasen oder tiefgreifende Traumata zu bew\u00e4ltigen<br \/>\nEr soll uns dabei unterst\u00fctzen das Positive wieder in den Fokus unserer Wahrnehmung zu r\u00fccken.<\/p>\n","protected":false},"excerpt":{"rendered":"<p>Handgefertigtes Armband aus gewachstem Makrameegarn (strapazierf\u00e4hig &#038; wassertauglich) mit nat\u00fcrlichen Obsidian- &#038; Lavaperlen, sowie kleinen Zwischenperlen aus Messing. &#8211; mit l\u00e4ngenverstellbarem Schiebeknoten zum individuellen anpassen Der OBSIDIAN wird unserem Wurzelchakra zugeordnet. Er ist ein treuer &#038; guter Begleiter, wenn es darum geht, schwierige Lebensphasen oder tiefgreifende Traumata zu bew\u00e4ltigen Er soll uns dabei unterst\u00fctzen das &hellip; <a href=\"https:\/\/www.regionalis.shop\/ricardart\/shop\/obsidian-armband-muladhara\/\">Continued<\/a><\/p>\n","protected":false},"featured_media":2864,"template":"","meta":{"_acf_changed":false},"product_brand":[],"product_cat":[110,70],"product_tag":[],"class_list":{"0":"post-2863","1":"product","2":"type-product","3":"status-publish","4":"has-post-thumbnail","6":"product_cat-armbaender","7":"product_cat-schmuck","9":"first","10":"instock","11":"purchasable","12":"product-type-simple"},"acf":[],"_links":{"self":[{"href":"https:\/\/www.regionalis.shop\/ricardart\/wp-json\/wp\/v2\/product\/2863","targetHints":{"allow":["GET"]}}],"collection":[{"href":"https:\/\/www.regionalis.shop\/ricardart\/wp-json\/wp\/v2\/product"}],"about":[{"href":"https:\/\/www.regionalis.shop\/ricardart\/wp-json\/wp\/v2\/types\/product"}],"wp:featuredmedia":[{"embeddable":true,"href":"https:\/\/www.regionalis.shop\/ricardart\/wp-json\/wp\/v2\/media\/2864"}],"wp:attachment":[{"href":"https:\/\/www.regionalis.shop\/ricardart\/wp-json\/wp\/v2\/media?parent=2863"}],"wp:term":[{"taxonomy":"product_brand","embeddable":true,"href":"https:\/\/www.regionalis.shop\/ricardart\/wp-json\/wp\/v2\/product_brand?post=2863"},{"taxonomy":"product_cat","embeddable":true,"href":"https:\/\/www.regionalis.shop\/ricardart\/wp-json\/wp\/v2\/product_cat?post=2863"},{"taxonomy":"product_tag","embeddable":true,"href":"https:\/\/www.regionalis.shop\/ricardart\/wp-json\/wp\/v2\/product_tag?post=2863"}],"curies":[{"name":"wp","href":"https:\/\/api.w.org\/{rel}","templated":true}]}}