{"id":2868,"date":"2025-04-18T02:16:09","date_gmt":"2025-04-18T00:16:09","guid":{"rendered":"https:\/\/www.regionalis.shop\/ricardart\/product\/doppelarmband-aquamarin-amazonit\/"},"modified":"2025-04-18T02:16:09","modified_gmt":"2025-04-18T00:16:09","slug":"doppelarmband-aquamarin-amazonit","status":"publish","type":"product","link":"https:\/\/www.regionalis.shop\/ricardart\/shop\/doppelarmband-aquamarin-amazonit\/","title":{"rendered":"Doppelarmband &#8218;Aquamarin &#038; Amazonit&#8216;"},"content":{"rendered":"<p>Ein wertvoller Wegbegleiter f\u00fcr innere Ruhe &#038; Balance \u2661<br \/>\nDank l\u00e4ngenverstellbarem Schiebeknoten ist das Doppelarmband an jedes Handgelenk individuell anpassbar.<br \/>\nDas gewachste Makrameegarn ist sehr widerstandsf\u00e4hig und darf gerne auch nass werden (f\u00fcr dauerhaftes Tragen geeignet)<br \/>\nDer AMAZONIT wird unserem Halschakra zugeordnet. Er ist daf\u00fcr bekannt, bei Stress positiv entgegenzuwirken und wird zur Beruhigung unserer Nerven verwendet.<br \/>\nVerbinder aus antiallergenem Edelstahl<\/p>\n","protected":false},"excerpt":{"rendered":"<p>Ein wertvoller Wegbegleiter f\u00fcr innere Ruhe &#038; Balance \u2661 Dank l\u00e4ngenverstellbarem Schiebeknoten ist das Doppelarmband an jedes Handgelenk individuell anpassbar. Das gewachste Makrameegarn ist sehr widerstandsf\u00e4hig und darf gerne auch nass werden (f\u00fcr dauerhaftes Tragen geeignet) Der AMAZONIT wird unserem Halschakra zugeordnet. Er ist daf\u00fcr bekannt, bei Stress positiv entgegenzuwirken und wird zur Beruhigung unserer &hellip; <a href=\"https:\/\/www.regionalis.shop\/ricardart\/shop\/doppelarmband-aquamarin-amazonit\/\">Continued<\/a><\/p>\n","protected":false},"featured_media":2869,"template":"","meta":{"_acf_changed":false},"product_brand":[],"product_cat":[110,70],"product_tag":[],"class_list":{"0":"post-2868","1":"product","2":"type-product","3":"status-publish","4":"has-post-thumbnail","6":"product_cat-armbaender","7":"product_cat-schmuck","9":"first","10":"instock","11":"purchasable","12":"product-type-simple"},"acf":[],"_links":{"self":[{"href":"https:\/\/www.regionalis.shop\/ricardart\/wp-json\/wp\/v2\/product\/2868","targetHints":{"allow":["GET"]}}],"collection":[{"href":"https:\/\/www.regionalis.shop\/ricardart\/wp-json\/wp\/v2\/product"}],"about":[{"href":"https:\/\/www.regionalis.shop\/ricardart\/wp-json\/wp\/v2\/types\/product"}],"wp:featuredmedia":[{"embeddable":true,"href":"https:\/\/www.regionalis.shop\/ricardart\/wp-json\/wp\/v2\/media\/2869"}],"wp:attachment":[{"href":"https:\/\/www.regionalis.shop\/ricardart\/wp-json\/wp\/v2\/media?parent=2868"}],"wp:term":[{"taxonomy":"product_brand","embeddable":true,"href":"https:\/\/www.regionalis.shop\/ricardart\/wp-json\/wp\/v2\/product_brand?post=2868"},{"taxonomy":"product_cat","embeddable":true,"href":"https:\/\/www.regionalis.shop\/ricardart\/wp-json\/wp\/v2\/product_cat?post=2868"},{"taxonomy":"product_tag","embeddable":true,"href":"https:\/\/www.regionalis.shop\/ricardart\/wp-json\/wp\/v2\/product_tag?post=2868"}],"curies":[{"name":"wp","href":"https:\/\/api.w.org\/{rel}","templated":true}]}}