{"id":2871,"date":"2025-04-18T02:14:55","date_gmt":"2025-04-18T00:14:55","guid":{"rendered":"https:\/\/www.regionalis.shop\/ricardart\/product\/amethyst-bergkristall-wegbegleiter-clear-mind-18k-vergoldet\/"},"modified":"2025-04-18T02:14:55","modified_gmt":"2025-04-18T00:14:55","slug":"amethyst-bergkristall-wegbegleiter-clear-mind-18k-vergoldet","status":"publish","type":"product","link":"https:\/\/www.regionalis.shop\/ricardart\/shop\/amethyst-bergkristall-wegbegleiter-clear-mind-18k-vergoldet\/","title":{"rendered":"Amethyst &#8211; Bergkristall Wegbegleiter *CLEAR MIND* 18k vergoldet"},"content":{"rendered":"<p>Amethyst &#038; Bergkristall &#8211; wunderbare Sch\u00e4tze der Natur &#038; eine starke Kombination f\u00fcr geistige Klarheit, inneren Fokus, Geisteskraft &#038; bessere Konzentration. Der ideale Helfer auch bei Schlafschwierigkeiten, Suchtproblemen &#038; in Lern-, &#038; Pr\u00fcfungssituationen\u00a0<\/p>\n<p>Das Armband ist aus strapazierf\u00e4higem, wasserfestem Makrameegarn von Hand gefertigt &#038; l\u00e4sst sich durch den l\u00e4ngenverstellbaren individuell anpassen.<br \/>\nMit nat\u00fcrlichem Amethyst &#038; Bergkristall, sowie vergoldeten H\u00e4matitperlen <\/p>\n<p>Du bekommst dein Armband h\u00fcbsch verpackt, in einer handbedruckten Schmuckbox aus recyceltem Altpapier, mit pers\u00f6nlichem Steckbrief beigelegt, auf dem du die wichtigsten Infos zu deinem neuen Begleiter nachlesen kannst \u2661<\/p>\n","protected":false},"excerpt":{"rendered":"<p>Amethyst &#038; Bergkristall &#8211; wunderbare Sch\u00e4tze der Natur &#038; eine starke Kombination f\u00fcr geistige Klarheit, inneren Fokus, Geisteskraft &#038; bessere Konzentration. Der ideale Helfer auch bei Schlafschwierigkeiten, Suchtproblemen &#038; in Lern-, &#038; Pr\u00fcfungssituationen\u00a0 Das Armband ist aus strapazierf\u00e4higem, wasserfestem Makrameegarn von Hand gefertigt &#038; l\u00e4sst sich durch den l\u00e4ngenverstellbaren individuell anpassen. Mit nat\u00fcrlichem Amethyst &#038; &hellip; <a href=\"https:\/\/www.regionalis.shop\/ricardart\/shop\/amethyst-bergkristall-wegbegleiter-clear-mind-18k-vergoldet\/\">Continued<\/a><\/p>\n","protected":false},"featured_media":2872,"template":"","meta":{"_acf_changed":false},"product_brand":[],"product_cat":[110,70],"product_tag":[],"class_list":{"0":"post-2871","1":"product","2":"type-product","3":"status-publish","4":"has-post-thumbnail","6":"product_cat-armbaender","7":"product_cat-schmuck","9":"first","10":"instock","11":"purchasable","12":"product-type-simple"},"acf":[],"_links":{"self":[{"href":"https:\/\/www.regionalis.shop\/ricardart\/wp-json\/wp\/v2\/product\/2871","targetHints":{"allow":["GET"]}}],"collection":[{"href":"https:\/\/www.regionalis.shop\/ricardart\/wp-json\/wp\/v2\/product"}],"about":[{"href":"https:\/\/www.regionalis.shop\/ricardart\/wp-json\/wp\/v2\/types\/product"}],"wp:featuredmedia":[{"embeddable":true,"href":"https:\/\/www.regionalis.shop\/ricardart\/wp-json\/wp\/v2\/media\/2872"}],"wp:attachment":[{"href":"https:\/\/www.regionalis.shop\/ricardart\/wp-json\/wp\/v2\/media?parent=2871"}],"wp:term":[{"taxonomy":"product_brand","embeddable":true,"href":"https:\/\/www.regionalis.shop\/ricardart\/wp-json\/wp\/v2\/product_brand?post=2871"},{"taxonomy":"product_cat","embeddable":true,"href":"https:\/\/www.regionalis.shop\/ricardart\/wp-json\/wp\/v2\/product_cat?post=2871"},{"taxonomy":"product_tag","embeddable":true,"href":"https:\/\/www.regionalis.shop\/ricardart\/wp-json\/wp\/v2\/product_tag?post=2871"}],"curies":[{"name":"wp","href":"https:\/\/api.w.org\/{rel}","templated":true}]}}