{"id":2876,"date":"2025-04-18T02:12:54","date_gmt":"2025-04-18T00:12:54","guid":{"rendered":"https:\/\/www.regionalis.shop\/ricardart\/product\/chakra-armband-hamsa-hand-4mm-antikgold\/"},"modified":"2025-04-18T02:12:54","modified_gmt":"2025-04-18T00:12:54","slug":"chakra-armband-hamsa-hand-4mm-antikgold","status":"publish","type":"product","link":"https:\/\/www.regionalis.shop\/ricardart\/shop\/chakra-armband-hamsa-hand-4mm-antikgold\/","title":{"rendered":"CHAKRA Armband *HAMSA HAND* 4mm\/antikgold"},"content":{"rendered":"<p>Zartes Chakraarmband mit 7 sorgf\u00e4ltig ausgew\u00e4hlten Edelsteinen (4mm) zur Harmonisierung unserer Chakren.<br \/>\nMit 18k vergoldeten Kupferperlen, strapazierf\u00e4higem Band aus wasserfestem Makrameegarn &#038; l\u00e4ngenverstellbarem Schiebeverschluss zum individuellen anpassen.<\/p>\n<p>*du bekommst dein Armband h\u00fcbsch verpackt in einer handbedruckten Box aus recyceltem Altpapier- individuell &#038; umweltbewusst<\/p>\n","protected":false},"excerpt":{"rendered":"<p>Zartes Chakraarmband mit 7 sorgf\u00e4ltig ausgew\u00e4hlten Edelsteinen (4mm) zur Harmonisierung unserer Chakren. Mit 18k vergoldeten Kupferperlen, strapazierf\u00e4higem Band aus wasserfestem Makrameegarn &#038; l\u00e4ngenverstellbarem Schiebeverschluss zum individuellen anpassen. *du bekommst dein Armband h\u00fcbsch verpackt in einer handbedruckten Box aus recyceltem Altpapier- individuell &#038; umweltbewusst<\/p>\n","protected":false},"featured_media":2877,"template":"","meta":{"_acf_changed":false},"product_brand":[],"product_cat":[110,70],"product_tag":[],"class_list":{"0":"post-2876","1":"product","2":"type-product","3":"status-publish","4":"has-post-thumbnail","6":"product_cat-armbaender","7":"product_cat-schmuck","9":"first","10":"instock","11":"purchasable","12":"product-type-simple"},"acf":[],"_links":{"self":[{"href":"https:\/\/www.regionalis.shop\/ricardart\/wp-json\/wp\/v2\/product\/2876","targetHints":{"allow":["GET"]}}],"collection":[{"href":"https:\/\/www.regionalis.shop\/ricardart\/wp-json\/wp\/v2\/product"}],"about":[{"href":"https:\/\/www.regionalis.shop\/ricardart\/wp-json\/wp\/v2\/types\/product"}],"wp:featuredmedia":[{"embeddable":true,"href":"https:\/\/www.regionalis.shop\/ricardart\/wp-json\/wp\/v2\/media\/2877"}],"wp:attachment":[{"href":"https:\/\/www.regionalis.shop\/ricardart\/wp-json\/wp\/v2\/media?parent=2876"}],"wp:term":[{"taxonomy":"product_brand","embeddable":true,"href":"https:\/\/www.regionalis.shop\/ricardart\/wp-json\/wp\/v2\/product_brand?post=2876"},{"taxonomy":"product_cat","embeddable":true,"href":"https:\/\/www.regionalis.shop\/ricardart\/wp-json\/wp\/v2\/product_cat?post=2876"},{"taxonomy":"product_tag","embeddable":true,"href":"https:\/\/www.regionalis.shop\/ricardart\/wp-json\/wp\/v2\/product_tag?post=2876"}],"curies":[{"name":"wp","href":"https:\/\/api.w.org\/{rel}","templated":true}]}}