{"id":2881,"date":"2025-04-18T02:12:54","date_gmt":"2025-04-18T00:12:54","guid":{"rendered":"https:\/\/www.regionalis.shop\/ricardart\/product\/chakra-armband-lebensbaum-haematit-gold\/"},"modified":"2025-04-18T02:12:54","modified_gmt":"2025-04-18T00:12:54","slug":"chakra-armband-lebensbaum-haematit-gold","status":"publish","type":"product","link":"https:\/\/www.regionalis.shop\/ricardart\/shop\/chakra-armband-lebensbaum-haematit-gold\/","title":{"rendered":"CHAKRA Armband &#8218;Lebensbaum H\u00e4matit gold"},"content":{"rendered":"<p>Kraftvolles Armband mit l\u00e4ngenverstellbarem Schiebeknoten zum individuellen anpassen\u2661<br \/>\n&#8211; mit 7 sorgf\u00e4ltig ausgew\u00e4hlten Heilsteinen\/ Edelsteinen &#8211; f\u00fcr mehr innere Balance &#038; Harmonie (4mm Perlen: Amethyst, Lapislazuli, T\u00fcrkis , Aventurin Tigerauge, Karneol, Jaspis(<br \/>\nLebensbaum aus H\u00e4matit (12mm Durchmesser), Zwischenperlen aus vergoldetem Messing\/Kupfer  (2mm)<br \/>\nJedes Armband wird liebevoll verpackt in einer handbedruckten Box aus recyceltem Altpapier- individuell &#038; umweltbewusst \u2661<\/p>\n","protected":false},"excerpt":{"rendered":"<p>Kraftvolles Armband mit l\u00e4ngenverstellbarem Schiebeknoten zum individuellen anpassen\u2661 &#8211; mit 7 sorgf\u00e4ltig ausgew\u00e4hlten Heilsteinen\/ Edelsteinen &#8211; f\u00fcr mehr innere Balance &#038; Harmonie (4mm Perlen: Amethyst, Lapislazuli, T\u00fcrkis , Aventurin Tigerauge, Karneol, Jaspis( Lebensbaum aus H\u00e4matit (12mm Durchmesser), Zwischenperlen aus vergoldetem Messing\/Kupfer (2mm) Jedes Armband wird liebevoll verpackt in einer handbedruckten Box aus recyceltem Altpapier- individuell &hellip; <a href=\"https:\/\/www.regionalis.shop\/ricardart\/shop\/chakra-armband-lebensbaum-haematit-gold\/\">Continued<\/a><\/p>\n","protected":false},"featured_media":2882,"template":"","meta":{"_acf_changed":false},"product_brand":[],"product_cat":[110,70],"product_tag":[],"class_list":{"0":"post-2881","1":"product","2":"type-product","3":"status-publish","4":"has-post-thumbnail","6":"product_cat-armbaender","7":"product_cat-schmuck","9":"first","10":"instock","11":"purchasable","12":"product-type-simple"},"acf":[],"_links":{"self":[{"href":"https:\/\/www.regionalis.shop\/ricardart\/wp-json\/wp\/v2\/product\/2881","targetHints":{"allow":["GET"]}}],"collection":[{"href":"https:\/\/www.regionalis.shop\/ricardart\/wp-json\/wp\/v2\/product"}],"about":[{"href":"https:\/\/www.regionalis.shop\/ricardart\/wp-json\/wp\/v2\/types\/product"}],"wp:featuredmedia":[{"embeddable":true,"href":"https:\/\/www.regionalis.shop\/ricardart\/wp-json\/wp\/v2\/media\/2882"}],"wp:attachment":[{"href":"https:\/\/www.regionalis.shop\/ricardart\/wp-json\/wp\/v2\/media?parent=2881"}],"wp:term":[{"taxonomy":"product_brand","embeddable":true,"href":"https:\/\/www.regionalis.shop\/ricardart\/wp-json\/wp\/v2\/product_brand?post=2881"},{"taxonomy":"product_cat","embeddable":true,"href":"https:\/\/www.regionalis.shop\/ricardart\/wp-json\/wp\/v2\/product_cat?post=2881"},{"taxonomy":"product_tag","embeddable":true,"href":"https:\/\/www.regionalis.shop\/ricardart\/wp-json\/wp\/v2\/product_tag?post=2881"}],"curies":[{"name":"wp","href":"https:\/\/api.w.org\/{rel}","templated":true}]}}