{"id":2885,"date":"2025-04-18T02:06:50","date_gmt":"2025-04-18T00:06:50","guid":{"rendered":"https:\/\/www.regionalis.shop\/ricardart\/product\/barfusssandalen-handschmeichler-lotus-amazonit\/"},"modified":"2025-04-18T02:06:50","modified_gmt":"2025-04-18T00:06:50","slug":"barfusssandalen-handschmeichler-lotus-amazonit","status":"publish","type":"product","link":"https:\/\/www.regionalis.shop\/ricardart\/shop\/barfusssandalen-handschmeichler-lotus-amazonit\/","title":{"rendered":"Barfu\u00dfsandalen \/ Handschmeichler &#8218;Lotus &#8211; Amazonit&#8216;"},"content":{"rendered":"<p>Einzigartiges &#038; extravagantes Amazonit &#8211; Accessoire f\u00fcr Hand &#038; Fu\u00df im Makrameestil von Hand gefertigt \u2661<br \/>\nAngefertigt aus gewachstem Polyestergarn (strapazierf\u00e4hig &#038; wasserabweisend) mit l\u00e4ngenverstellbarem Schiebeknoten zum individuellen Anpassen \u2661<br \/>\nIdeal f\u00fcr &#8218;Barf\u00fc\u00dfler&#8216; &#038; all jene, die besonderen Wert auf Einzigartigkeit &#038; Individualit\u00e4t legen \u2661<\/p>\n","protected":false},"excerpt":{"rendered":"<p>Einzigartiges &#038; extravagantes Amazonit &#8211; Accessoire f\u00fcr Hand &#038; Fu\u00df im Makrameestil von Hand gefertigt \u2661 Angefertigt aus gewachstem Polyestergarn (strapazierf\u00e4hig &#038; wasserabweisend) mit l\u00e4ngenverstellbarem Schiebeknoten zum individuellen Anpassen \u2661 Ideal f\u00fcr &#8218;Barf\u00fc\u00dfler&#8216; &#038; all jene, die besonderen Wert auf Einzigartigkeit &#038; Individualit\u00e4t legen \u2661<\/p>\n","protected":false},"featured_media":2886,"template":"","meta":{"_acf_changed":false},"product_brand":[],"product_cat":[154,70],"product_tag":[],"class_list":{"0":"post-2885","1":"product","2":"type-product","3":"status-publish","4":"has-post-thumbnail","6":"product_cat-koerperschmuck","7":"product_cat-schmuck","9":"first","10":"instock","11":"purchasable","12":"product-type-simple"},"acf":[],"_links":{"self":[{"href":"https:\/\/www.regionalis.shop\/ricardart\/wp-json\/wp\/v2\/product\/2885","targetHints":{"allow":["GET"]}}],"collection":[{"href":"https:\/\/www.regionalis.shop\/ricardart\/wp-json\/wp\/v2\/product"}],"about":[{"href":"https:\/\/www.regionalis.shop\/ricardart\/wp-json\/wp\/v2\/types\/product"}],"wp:featuredmedia":[{"embeddable":true,"href":"https:\/\/www.regionalis.shop\/ricardart\/wp-json\/wp\/v2\/media\/2886"}],"wp:attachment":[{"href":"https:\/\/www.regionalis.shop\/ricardart\/wp-json\/wp\/v2\/media?parent=2885"}],"wp:term":[{"taxonomy":"product_brand","embeddable":true,"href":"https:\/\/www.regionalis.shop\/ricardart\/wp-json\/wp\/v2\/product_brand?post=2885"},{"taxonomy":"product_cat","embeddable":true,"href":"https:\/\/www.regionalis.shop\/ricardart\/wp-json\/wp\/v2\/product_cat?post=2885"},{"taxonomy":"product_tag","embeddable":true,"href":"https:\/\/www.regionalis.shop\/ricardart\/wp-json\/wp\/v2\/product_tag?post=2885"}],"curies":[{"name":"wp","href":"https:\/\/api.w.org\/{rel}","templated":true}]}}