{"id":2890,"date":"2025-04-18T01:59:00","date_gmt":"2025-04-17T23:59:00","guid":{"rendered":"https:\/\/www.regionalis.shop\/ricardart\/product\/armband-seed-of-life-rose\/"},"modified":"2025-04-18T01:59:00","modified_gmt":"2025-04-17T23:59:00","slug":"armband-seed-of-life-rose","status":"publish","type":"product","link":"https:\/\/www.regionalis.shop\/ricardart\/shop\/armband-seed-of-life-rose\/","title":{"rendered":"Armband *SEED OF LIFE ros\u00e9*"},"content":{"rendered":"<p>Zartes Armband aus strapazierf\u00e4higem Makrameegarn (gewachst &#038; wasserfest), mit 14mm Verbinder aus ros\u00e9vergoldetem Messing (nickelfrei) &#038; l\u00e4ngenverstellbarem Schiebeverschluss zum individuellen anpassen.<br \/>\nDu bekommst dein Armband auf einem handbedrucken Schmuckk\u00e4rtchen aus recyceltem Altpapier &#8211; verpackt im Naturleinenbeutel &#8211; ideal als kleines Geschenk oder nette Aufmerksamkeit \u2661<\/p>\n","protected":false},"excerpt":{"rendered":"<p>Zartes Armband aus strapazierf\u00e4higem Makrameegarn (gewachst &#038; wasserfest), mit 14mm Verbinder aus ros\u00e9vergoldetem Messing (nickelfrei) &#038; l\u00e4ngenverstellbarem Schiebeverschluss zum individuellen anpassen. Du bekommst dein Armband auf einem handbedrucken Schmuckk\u00e4rtchen aus recyceltem Altpapier &#8211; verpackt im Naturleinenbeutel &#8211; ideal als kleines Geschenk oder nette Aufmerksamkeit \u2661<\/p>\n","protected":false},"featured_media":2891,"template":"","meta":{"_acf_changed":false},"product_brand":[],"product_cat":[110,70],"product_tag":[],"class_list":{"0":"post-2890","1":"product","2":"type-product","3":"status-publish","4":"has-post-thumbnail","6":"product_cat-armbaender","7":"product_cat-schmuck","9":"first","10":"instock","11":"purchasable","12":"product-type-simple"},"acf":[],"_links":{"self":[{"href":"https:\/\/www.regionalis.shop\/ricardart\/wp-json\/wp\/v2\/product\/2890","targetHints":{"allow":["GET"]}}],"collection":[{"href":"https:\/\/www.regionalis.shop\/ricardart\/wp-json\/wp\/v2\/product"}],"about":[{"href":"https:\/\/www.regionalis.shop\/ricardart\/wp-json\/wp\/v2\/types\/product"}],"wp:featuredmedia":[{"embeddable":true,"href":"https:\/\/www.regionalis.shop\/ricardart\/wp-json\/wp\/v2\/media\/2891"}],"wp:attachment":[{"href":"https:\/\/www.regionalis.shop\/ricardart\/wp-json\/wp\/v2\/media?parent=2890"}],"wp:term":[{"taxonomy":"product_brand","embeddable":true,"href":"https:\/\/www.regionalis.shop\/ricardart\/wp-json\/wp\/v2\/product_brand?post=2890"},{"taxonomy":"product_cat","embeddable":true,"href":"https:\/\/www.regionalis.shop\/ricardart\/wp-json\/wp\/v2\/product_cat?post=2890"},{"taxonomy":"product_tag","embeddable":true,"href":"https:\/\/www.regionalis.shop\/ricardart\/wp-json\/wp\/v2\/product_tag?post=2890"}],"curies":[{"name":"wp","href":"https:\/\/api.w.org\/{rel}","templated":true}]}}