{"id":2895,"date":"2025-04-18T01:58:41","date_gmt":"2025-04-17T23:58:41","guid":{"rendered":"https:\/\/www.regionalis.shop\/ricardart\/product\/lotus-tuerkis-sonnenfaenger-silber\/"},"modified":"2025-04-18T01:58:41","modified_gmt":"2025-04-17T23:58:41","slug":"lotus-tuerkis-sonnenfaenger-silber","status":"publish","type":"product","link":"https:\/\/www.regionalis.shop\/ricardart\/shop\/lotus-tuerkis-sonnenfaenger-silber\/","title":{"rendered":"Lotus &#8211; T\u00fcrkis Sonnenf\u00e4nger silber"},"content":{"rendered":"<p>Hol dir den Licht ins Haus!!!<br \/>\nDer Sonnenf\u00e4nger liebt es besonders vor Fenstern zu h\u00e4ngen. F\u00e4llt Licht auf den Glaskristall, so zeigt sich das wunderbare Farbenspektrun des Regenbogens \u2661 Die nat\u00fcrlichen T\u00fcrkisperlen sorgen f\u00fcr  Harmonie &#038; Lebensfreude &#038; f\u00f6rdern ein angenehmes Raumklima \u2661 Laut Fengh Shui soll mittels Sonnenf\u00e4nger unter anderem verhindert werden, dass positive Energien zu schnell aus den Fenstern str\u00f6men.<br \/>\nDer Sonnenf\u00e4nger soll euch eine angenehme &#038; warme Atmosph\u00e4re erm\u00f6glichen &#038; positiv auf eure Sinne wirken \u2661<br \/>\nEnergetisch &#038; harmonisierend \u2661<br \/>\n(<br \/>\nAlle meine Sch\u00e4tze sind au\u00dferdem Unikate, da kein Stein dem andren gleicht und somit jedes St\u00fcck  einzigartig ist \u2661  (also bitte um euer Verst\u00e4ndnis f\u00fcr dezente Abweichungen vom Produktfoto)<\/p>\n","protected":false},"excerpt":{"rendered":"<p>Hol dir den Licht ins Haus!!! Der Sonnenf\u00e4nger liebt es besonders vor Fenstern zu h\u00e4ngen. F\u00e4llt Licht auf den Glaskristall, so zeigt sich das wunderbare Farbenspektrun des Regenbogens \u2661 Die nat\u00fcrlichen T\u00fcrkisperlen sorgen f\u00fcr Harmonie &#038; Lebensfreude &#038; f\u00f6rdern ein angenehmes Raumklima \u2661 Laut Fengh Shui soll mittels Sonnenf\u00e4nger unter anderem verhindert werden, dass positive &hellip; <a href=\"https:\/\/www.regionalis.shop\/ricardart\/shop\/lotus-tuerkis-sonnenfaenger-silber\/\">Continued<\/a><\/p>\n","protected":false},"featured_media":2896,"template":"","meta":{"_acf_changed":false},"product_brand":[],"product_cat":[174,103],"product_tag":[],"class_list":{"0":"post-2895","1":"product","2":"type-product","3":"status-publish","4":"has-post-thumbnail","6":"product_cat-wohndekoration","7":"product_cat-wohnen-deko","9":"first","10":"instock","11":"purchasable","12":"product-type-simple"},"acf":[],"_links":{"self":[{"href":"https:\/\/www.regionalis.shop\/ricardart\/wp-json\/wp\/v2\/product\/2895","targetHints":{"allow":["GET"]}}],"collection":[{"href":"https:\/\/www.regionalis.shop\/ricardart\/wp-json\/wp\/v2\/product"}],"about":[{"href":"https:\/\/www.regionalis.shop\/ricardart\/wp-json\/wp\/v2\/types\/product"}],"wp:featuredmedia":[{"embeddable":true,"href":"https:\/\/www.regionalis.shop\/ricardart\/wp-json\/wp\/v2\/media\/2896"}],"wp:attachment":[{"href":"https:\/\/www.regionalis.shop\/ricardart\/wp-json\/wp\/v2\/media?parent=2895"}],"wp:term":[{"taxonomy":"product_brand","embeddable":true,"href":"https:\/\/www.regionalis.shop\/ricardart\/wp-json\/wp\/v2\/product_brand?post=2895"},{"taxonomy":"product_cat","embeddable":true,"href":"https:\/\/www.regionalis.shop\/ricardart\/wp-json\/wp\/v2\/product_cat?post=2895"},{"taxonomy":"product_tag","embeddable":true,"href":"https:\/\/www.regionalis.shop\/ricardart\/wp-json\/wp\/v2\/product_tag?post=2895"}],"curies":[{"name":"wp","href":"https:\/\/api.w.org\/{rel}","templated":true}]}}