{"id":2900,"date":"2025-04-18T01:58:41","date_gmt":"2025-04-17T23:58:41","guid":{"rendered":"https:\/\/www.regionalis.shop\/ricardart\/product\/ohrringe-boho-tears-bronze-natur\/"},"modified":"2025-04-18T01:58:41","modified_gmt":"2025-04-17T23:58:41","slug":"ohrringe-boho-tears-bronze-natur","status":"publish","type":"product","link":"https:\/\/www.regionalis.shop\/ricardart\/shop\/ohrringe-boho-tears-bronze-natur\/","title":{"rendered":"Ohrringe &#8218;Boho Tears&#8216; *bronze\/natur"},"content":{"rendered":"<p>H\u00fcbsche Makramee- Ohrsch\u00e4tze in bronze im Bohemian &#8211; Stil &#8211; mit 100%iger Baumwolle bekn\u00fcpft.<br \/>\nDie Ohrhaken sind aus bronzefarbenem Edelstahl<br \/>\nGesamtl\u00e4nge ~ 55mm (die Fransen k\u00f6nnen bei Bedarf mit einem Kamm wieder in Form gebracht werden \ud83d\ude42<\/p>\n","protected":false},"excerpt":{"rendered":"<p>H\u00fcbsche Makramee- Ohrsch\u00e4tze in bronze im Bohemian &#8211; Stil &#8211; mit 100%iger Baumwolle bekn\u00fcpft. Die Ohrhaken sind aus bronzefarbenem Edelstahl Gesamtl\u00e4nge ~ 55mm (die Fransen k\u00f6nnen bei Bedarf mit einem Kamm wieder in Form gebracht werden \ud83d\ude42<\/p>\n","protected":false},"featured_media":2901,"template":"","meta":{"_acf_changed":false},"product_brand":[],"product_cat":[163,70],"product_tag":[],"class_list":{"0":"post-2900","1":"product","2":"type-product","3":"status-publish","4":"has-post-thumbnail","6":"product_cat-ohrringe","7":"product_cat-schmuck","9":"first","10":"instock","11":"purchasable","12":"product-type-simple"},"acf":[],"_links":{"self":[{"href":"https:\/\/www.regionalis.shop\/ricardart\/wp-json\/wp\/v2\/product\/2900","targetHints":{"allow":["GET"]}}],"collection":[{"href":"https:\/\/www.regionalis.shop\/ricardart\/wp-json\/wp\/v2\/product"}],"about":[{"href":"https:\/\/www.regionalis.shop\/ricardart\/wp-json\/wp\/v2\/types\/product"}],"wp:featuredmedia":[{"embeddable":true,"href":"https:\/\/www.regionalis.shop\/ricardart\/wp-json\/wp\/v2\/media\/2901"}],"wp:attachment":[{"href":"https:\/\/www.regionalis.shop\/ricardart\/wp-json\/wp\/v2\/media?parent=2900"}],"wp:term":[{"taxonomy":"product_brand","embeddable":true,"href":"https:\/\/www.regionalis.shop\/ricardart\/wp-json\/wp\/v2\/product_brand?post=2900"},{"taxonomy":"product_cat","embeddable":true,"href":"https:\/\/www.regionalis.shop\/ricardart\/wp-json\/wp\/v2\/product_cat?post=2900"},{"taxonomy":"product_tag","embeddable":true,"href":"https:\/\/www.regionalis.shop\/ricardart\/wp-json\/wp\/v2\/product_tag?post=2900"}],"curies":[{"name":"wp","href":"https:\/\/api.w.org\/{rel}","templated":true}]}}