{"id":2904,"date":"2025-04-18T01:56:41","date_gmt":"2025-04-17T23:56:41","guid":{"rendered":"https:\/\/www.regionalis.shop\/ricardart\/product\/obsidian-lava-ohrringe-18k-vergoldet\/"},"modified":"2025-04-18T01:56:41","modified_gmt":"2025-04-17T23:56:41","slug":"obsidian-lava-ohrringe-18k-vergoldet","status":"publish","type":"product","link":"https:\/\/www.regionalis.shop\/ricardart\/shop\/obsidian-lava-ohrringe-18k-vergoldet\/","title":{"rendered":"Obsidian- Lava Ohrringe 18k vergoldet"},"content":{"rendered":"<p>Einzigartiger Ohrschmuck in klassischem  schwarz &#8211; gold  mit wundersch\u00f6nen, filigran gemusterten 48mm &#8211; Mandalas aus vergoldetem Kupfer<br \/>\nDie Ohrhaken sind aus 18k vergoldetem Edelstahl, welche auch f\u00fcr f\u00fcr sensible Ohren geeignet sein sollten.<br \/>\nGesamtl\u00e4nge der Ohrringe: ~ 7cm<\/p>\n","protected":false},"excerpt":{"rendered":"<p>Einzigartiger Ohrschmuck in klassischem schwarz &#8211; gold mit wundersch\u00f6nen, filigran gemusterten 48mm &#8211; Mandalas aus vergoldetem Kupfer Die Ohrhaken sind aus 18k vergoldetem Edelstahl, welche auch f\u00fcr f\u00fcr sensible Ohren geeignet sein sollten. Gesamtl\u00e4nge der Ohrringe: ~ 7cm<\/p>\n","protected":false},"featured_media":2905,"template":"","meta":{"_acf_changed":false},"product_brand":[],"product_cat":[163,70],"product_tag":[],"class_list":{"0":"post-2904","1":"product","2":"type-product","3":"status-publish","4":"has-post-thumbnail","6":"product_cat-ohrringe","7":"product_cat-schmuck","9":"first","10":"instock","11":"purchasable","12":"product-type-simple"},"acf":[],"_links":{"self":[{"href":"https:\/\/www.regionalis.shop\/ricardart\/wp-json\/wp\/v2\/product\/2904","targetHints":{"allow":["GET"]}}],"collection":[{"href":"https:\/\/www.regionalis.shop\/ricardart\/wp-json\/wp\/v2\/product"}],"about":[{"href":"https:\/\/www.regionalis.shop\/ricardart\/wp-json\/wp\/v2\/types\/product"}],"wp:featuredmedia":[{"embeddable":true,"href":"https:\/\/www.regionalis.shop\/ricardart\/wp-json\/wp\/v2\/media\/2905"}],"wp:attachment":[{"href":"https:\/\/www.regionalis.shop\/ricardart\/wp-json\/wp\/v2\/media?parent=2904"}],"wp:term":[{"taxonomy":"product_brand","embeddable":true,"href":"https:\/\/www.regionalis.shop\/ricardart\/wp-json\/wp\/v2\/product_brand?post=2904"},{"taxonomy":"product_cat","embeddable":true,"href":"https:\/\/www.regionalis.shop\/ricardart\/wp-json\/wp\/v2\/product_cat?post=2904"},{"taxonomy":"product_tag","embeddable":true,"href":"https:\/\/www.regionalis.shop\/ricardart\/wp-json\/wp\/v2\/product_tag?post=2904"}],"curies":[{"name":"wp","href":"https:\/\/api.w.org\/{rel}","templated":true}]}}