{"id":2921,"date":"2025-04-18T01:54:23","date_gmt":"2025-04-17T23:54:23","guid":{"rendered":"https:\/\/www.regionalis.shop\/ricardart\/product\/abalone-tigerauge-halskette-lebensbaum\/"},"modified":"2025-04-18T01:54:23","modified_gmt":"2025-04-17T23:54:23","slug":"abalone-tigerauge-halskette-lebensbaum","status":"publish","type":"product","link":"https:\/\/www.regionalis.shop\/ricardart\/shop\/abalone-tigerauge-halskette-lebensbaum\/","title":{"rendered":"Abalone &#8211; Tigerauge Halskette &#8218;Lebensbaum&#8216;"},"content":{"rendered":"<p>Von Hand gefertigte Makrameekette mit einem, in Draht eingefasstem Anh\u00e4nger aus dee wundersch\u00f6nen &#038; farbenpr\u00e4chtigen Abalone Muschel \u2661  Eingekn\u00fcpft wurden au\u00dferdem kleine H\u00e4matitperlen und Tigerauge-Rohsteinperlen \u2661<br \/>\nDas verwendete Makrameegarn ist aus gewachstem Polyester, sehr strapazierf\u00e4hig und wasserfest.<br \/>\nVerschluss: Edelstahlkarabiner mit Verl\u00e4ngerungskettchen<\/p>\n<p>Das TIGERAUGE wird unserem Solarplexuschakra zugeordnet &#038; z\u00e4hlt zu den Schutzsteinen, die unter anderem dazu verwendet werden um negative Energien fernzuhalten oder Mut &#038; Gl\u00fcck zu bringen. Ein perfekter Gl\u00fccksbringer \/ Talisman \u2661<\/p>\n","protected":false},"excerpt":{"rendered":"<p>Von Hand gefertigte Makrameekette mit einem, in Draht eingefasstem Anh\u00e4nger aus dee wundersch\u00f6nen &#038; farbenpr\u00e4chtigen Abalone Muschel \u2661 Eingekn\u00fcpft wurden au\u00dferdem kleine H\u00e4matitperlen und Tigerauge-Rohsteinperlen \u2661 Das verwendete Makrameegarn ist aus gewachstem Polyester, sehr strapazierf\u00e4hig und wasserfest. Verschluss: Edelstahlkarabiner mit Verl\u00e4ngerungskettchen Das TIGERAUGE wird unserem Solarplexuschakra zugeordnet &#038; z\u00e4hlt zu den Schutzsteinen, die unter anderem &hellip; <a href=\"https:\/\/www.regionalis.shop\/ricardart\/shop\/abalone-tigerauge-halskette-lebensbaum\/\">Continued<\/a><\/p>\n","protected":false},"featured_media":2922,"template":"","meta":{"_acf_changed":false},"product_brand":[],"product_cat":[141,70],"product_tag":[],"class_list":{"0":"post-2921","1":"product","2":"type-product","3":"status-publish","4":"has-post-thumbnail","6":"product_cat-halsketten","7":"product_cat-schmuck","9":"first","10":"instock","11":"purchasable","12":"product-type-simple"},"acf":[],"_links":{"self":[{"href":"https:\/\/www.regionalis.shop\/ricardart\/wp-json\/wp\/v2\/product\/2921","targetHints":{"allow":["GET"]}}],"collection":[{"href":"https:\/\/www.regionalis.shop\/ricardart\/wp-json\/wp\/v2\/product"}],"about":[{"href":"https:\/\/www.regionalis.shop\/ricardart\/wp-json\/wp\/v2\/types\/product"}],"wp:featuredmedia":[{"embeddable":true,"href":"https:\/\/www.regionalis.shop\/ricardart\/wp-json\/wp\/v2\/media\/2922"}],"wp:attachment":[{"href":"https:\/\/www.regionalis.shop\/ricardart\/wp-json\/wp\/v2\/media?parent=2921"}],"wp:term":[{"taxonomy":"product_brand","embeddable":true,"href":"https:\/\/www.regionalis.shop\/ricardart\/wp-json\/wp\/v2\/product_brand?post=2921"},{"taxonomy":"product_cat","embeddable":true,"href":"https:\/\/www.regionalis.shop\/ricardart\/wp-json\/wp\/v2\/product_cat?post=2921"},{"taxonomy":"product_tag","embeddable":true,"href":"https:\/\/www.regionalis.shop\/ricardart\/wp-json\/wp\/v2\/product_tag?post=2921"}],"curies":[{"name":"wp","href":"https:\/\/api.w.org\/{rel}","templated":true}]}}