{"id":2930,"date":"2025-04-18T01:50:44","date_gmt":"2025-04-17T23:50:44","guid":{"rendered":"https:\/\/www.regionalis.shop\/ricardart\/product\/traumfaenger-mit-chakra-edelsteinen-regenbogenkristall\/"},"modified":"2025-04-18T01:50:44","modified_gmt":"2025-04-17T23:50:44","slug":"traumfaenger-mit-chakra-edelsteinen-regenbogenkristall","status":"publish","type":"product","link":"https:\/\/www.regionalis.shop\/ricardart\/shop\/traumfaenger-mit-chakra-edelsteinen-regenbogenkristall\/","title":{"rendered":"Traumf\u00e4nger mit Chakra- Edelsteinen &#038; Regenbogenkristall"},"content":{"rendered":"<p>Ein einzigartiges Wohnaccessoire aus reinen Naturmaterialien \u2661<br \/>\nHandgefertigt aus 100%iger Baumwolle, Holz &#038; nat\u00fcrlichen Edelsteinen zur Harmonisierung unserer Chakren &#038; der Umgebung<br \/>\nBringt einen wunderbaren Flair an jeden Ort \u2661Besonders geeignet sowohl f\u00fcrs Schlafzimmer \u00fcberm Bett, als auch f\u00fcr sonnige Pl\u00e4tzchen, da der Regenbogenkristall (wie bei Sonnenf\u00e4ngern f\u00fcrs Fenster) die Sonnenstrahlen spaltet und so das wunderbare Farbenspektrun des Regenbogens an den W\u00e4nden reflektiert \u2661<br \/>\nGesamtl\u00e4nge (ohne Schlaufe) ~ 60cm<br \/>\nDurchmesser Holzreifen: 19cm<\/p>\n","protected":false},"excerpt":{"rendered":"<p>Ein einzigartiges Wohnaccessoire aus reinen Naturmaterialien \u2661 Handgefertigt aus 100%iger Baumwolle, Holz &#038; nat\u00fcrlichen Edelsteinen zur Harmonisierung unserer Chakren &#038; der Umgebung Bringt einen wunderbaren Flair an jeden Ort \u2661Besonders geeignet sowohl f\u00fcrs Schlafzimmer \u00fcberm Bett, als auch f\u00fcr sonnige Pl\u00e4tzchen, da der Regenbogenkristall (wie bei Sonnenf\u00e4ngern f\u00fcrs Fenster) die Sonnenstrahlen spaltet und so das &hellip; <a href=\"https:\/\/www.regionalis.shop\/ricardart\/shop\/traumfaenger-mit-chakra-edelsteinen-regenbogenkristall\/\">Continued<\/a><\/p>\n","protected":false},"featured_media":2931,"template":"","meta":{"_acf_changed":false},"product_brand":[],"product_cat":[174,103],"product_tag":[],"class_list":{"0":"post-2930","1":"product","2":"type-product","3":"status-publish","4":"has-post-thumbnail","6":"product_cat-wohndekoration","7":"product_cat-wohnen-deko","9":"first","10":"instock","11":"purchasable","12":"product-type-simple"},"acf":[],"_links":{"self":[{"href":"https:\/\/www.regionalis.shop\/ricardart\/wp-json\/wp\/v2\/product\/2930","targetHints":{"allow":["GET"]}}],"collection":[{"href":"https:\/\/www.regionalis.shop\/ricardart\/wp-json\/wp\/v2\/product"}],"about":[{"href":"https:\/\/www.regionalis.shop\/ricardart\/wp-json\/wp\/v2\/types\/product"}],"wp:featuredmedia":[{"embeddable":true,"href":"https:\/\/www.regionalis.shop\/ricardart\/wp-json\/wp\/v2\/media\/2931"}],"wp:attachment":[{"href":"https:\/\/www.regionalis.shop\/ricardart\/wp-json\/wp\/v2\/media?parent=2930"}],"wp:term":[{"taxonomy":"product_brand","embeddable":true,"href":"https:\/\/www.regionalis.shop\/ricardart\/wp-json\/wp\/v2\/product_brand?post=2930"},{"taxonomy":"product_cat","embeddable":true,"href":"https:\/\/www.regionalis.shop\/ricardart\/wp-json\/wp\/v2\/product_cat?post=2930"},{"taxonomy":"product_tag","embeddable":true,"href":"https:\/\/www.regionalis.shop\/ricardart\/wp-json\/wp\/v2\/product_tag?post=2930"}],"curies":[{"name":"wp","href":"https:\/\/api.w.org\/{rel}","templated":true}]}}