{"id":2934,"date":"2025-04-18T01:49:13","date_gmt":"2025-04-17T23:49:13","guid":{"rendered":"https:\/\/www.regionalis.shop\/ricardart\/product\/chakra-edelstein-sonnenfaenger-mandala-mit-regenbogenkristall\/"},"modified":"2025-04-18T01:49:13","modified_gmt":"2025-04-17T23:49:13","slug":"chakra-edelstein-sonnenfaenger-mandala-mit-regenbogenkristall","status":"publish","type":"product","link":"https:\/\/www.regionalis.shop\/ricardart\/shop\/chakra-edelstein-sonnenfaenger-mandala-mit-regenbogenkristall\/","title":{"rendered":"Chakra- Edelstein Sonnenf\u00e4nger *MANDALA* mit Regenbogenkristall"},"content":{"rendered":"<p>Hol dir Licht ins Haus!!!Der Sonnenf\u00e4nger liebt es besonders im Licht, vorallem in der Sonne oder vor Fenstern zu h\u00e4ngen. Die Prismaglaskristalle sorgen mit ihrem &#8222;Sonnenf\u00e4nger-Effekt&#8220; f\u00fcr ein angenehmes &#038; harmonisches Wohn-,&#038; Wohlgef\u00fchl<br \/>\n*Sonnenf\u00e4nger-Effekt: F\u00e4llt Licht auf ein Prisma\/ einen Prismakristall, so wird\u00a0 es gespalten &#038; in den wundersch\u00f6nen  Farben des Regenbogens (Spektralfarben) auf deinen W\u00e4nden &#038; auf umgebenden Fl\u00e4chen reflektiert<br \/>\n***Laut Fengh Shui soll das Anbringen vorm Fenster verhindern, dass positive Energien zu schnell wieder hinaus str\u00f6men***<br \/>\nMATERIALIEN:<br \/>\n&#8211; mit sorgf\u00e4ltig ausgew\u00e4hlten, den 7 Chakren zugeordneten Edelsteinen zur Harmonisierung der Umgebung &#038; des Raumklimas<br \/>\nMandala aus Holz: 7cm<br \/>\nGesamtl\u00e4nge (ohne schlaufe):~20cm<br \/>\nEin wunderbares &#038; bereicherndes Wohnaccessoire voll Harmonie- f\u00fcr jedem Ort deiner Wahl<\/p>\n","protected":false},"excerpt":{"rendered":"<p>Hol dir Licht ins Haus!!!Der Sonnenf\u00e4nger liebt es besonders im Licht, vorallem in der Sonne oder vor Fenstern zu h\u00e4ngen. Die Prismaglaskristalle sorgen mit ihrem &#8222;Sonnenf\u00e4nger-Effekt&#8220; f\u00fcr ein angenehmes &#038; harmonisches Wohn-,&#038; Wohlgef\u00fchl *Sonnenf\u00e4nger-Effekt: F\u00e4llt Licht auf ein Prisma\/ einen Prismakristall, so wird\u00a0 es gespalten &#038; in den wundersch\u00f6nen Farben des Regenbogens (Spektralfarben) auf deinen &hellip; <a href=\"https:\/\/www.regionalis.shop\/ricardart\/shop\/chakra-edelstein-sonnenfaenger-mandala-mit-regenbogenkristall\/\">Continued<\/a><\/p>\n","protected":false},"featured_media":2935,"template":"","meta":{"_acf_changed":false},"product_brand":[],"product_cat":[174,103],"product_tag":[],"class_list":{"0":"post-2934","1":"product","2":"type-product","3":"status-publish","4":"has-post-thumbnail","6":"product_cat-wohndekoration","7":"product_cat-wohnen-deko","9":"first","10":"instock","11":"purchasable","12":"product-type-simple"},"acf":[],"_links":{"self":[{"href":"https:\/\/www.regionalis.shop\/ricardart\/wp-json\/wp\/v2\/product\/2934","targetHints":{"allow":["GET"]}}],"collection":[{"href":"https:\/\/www.regionalis.shop\/ricardart\/wp-json\/wp\/v2\/product"}],"about":[{"href":"https:\/\/www.regionalis.shop\/ricardart\/wp-json\/wp\/v2\/types\/product"}],"wp:featuredmedia":[{"embeddable":true,"href":"https:\/\/www.regionalis.shop\/ricardart\/wp-json\/wp\/v2\/media\/2935"}],"wp:attachment":[{"href":"https:\/\/www.regionalis.shop\/ricardart\/wp-json\/wp\/v2\/media?parent=2934"}],"wp:term":[{"taxonomy":"product_brand","embeddable":true,"href":"https:\/\/www.regionalis.shop\/ricardart\/wp-json\/wp\/v2\/product_brand?post=2934"},{"taxonomy":"product_cat","embeddable":true,"href":"https:\/\/www.regionalis.shop\/ricardart\/wp-json\/wp\/v2\/product_cat?post=2934"},{"taxonomy":"product_tag","embeddable":true,"href":"https:\/\/www.regionalis.shop\/ricardart\/wp-json\/wp\/v2\/product_tag?post=2934"}],"curies":[{"name":"wp","href":"https:\/\/api.w.org\/{rel}","templated":true}]}}