{"id":2938,"date":"2025-04-18T01:48:19","date_gmt":"2025-04-17T23:48:19","guid":{"rendered":"https:\/\/www.regionalis.shop\/ricardart\/product\/chakraarmband-lotus-gold\/"},"modified":"2025-04-18T01:48:19","modified_gmt":"2025-04-17T23:48:19","slug":"chakraarmband-lotus-gold","status":"publish","type":"product","link":"https:\/\/www.regionalis.shop\/ricardart\/shop\/chakraarmband-lotus-gold\/","title":{"rendered":"Chakraarmband &#8218;Lotus gold&#8216;"},"content":{"rendered":"<p>Ein kraftvoller Wegbegleiter f\u00fcr jedes Handgelenk \u2661<br \/>\n&#8211; mit 7 sorgf\u00e4ltig ausgew\u00e4hlten, nat\u00fcrlichen Edelsteinperlen zur Harmonisierung unserer 7 Hauptchakren \u2661<br \/>\n&#8211; handgefertigt, mit Edelstahlverschluss &#038; Verl\u00e4ngerungskettchen (passt sich perfekt an jedes Handgelenk an)<br \/>\n&#8211; aus sehr widerstandsf\u00e4higem, gewachstem Makrameegarn (wassertauglich)<\/p>\n","protected":false},"excerpt":{"rendered":"<p>Ein kraftvoller Wegbegleiter f\u00fcr jedes Handgelenk \u2661 &#8211; mit 7 sorgf\u00e4ltig ausgew\u00e4hlten, nat\u00fcrlichen Edelsteinperlen zur Harmonisierung unserer 7 Hauptchakren \u2661 &#8211; handgefertigt, mit Edelstahlverschluss &#038; Verl\u00e4ngerungskettchen (passt sich perfekt an jedes Handgelenk an) &#8211; aus sehr widerstandsf\u00e4higem, gewachstem Makrameegarn (wassertauglich)<\/p>\n","protected":false},"featured_media":2939,"template":"","meta":{"_acf_changed":false},"product_brand":[],"product_cat":[110,70],"product_tag":[],"class_list":{"0":"post-2938","1":"product","2":"type-product","3":"status-publish","4":"has-post-thumbnail","6":"product_cat-armbaender","7":"product_cat-schmuck","9":"first","10":"instock","11":"purchasable","12":"product-type-simple"},"acf":[],"_links":{"self":[{"href":"https:\/\/www.regionalis.shop\/ricardart\/wp-json\/wp\/v2\/product\/2938","targetHints":{"allow":["GET"]}}],"collection":[{"href":"https:\/\/www.regionalis.shop\/ricardart\/wp-json\/wp\/v2\/product"}],"about":[{"href":"https:\/\/www.regionalis.shop\/ricardart\/wp-json\/wp\/v2\/types\/product"}],"wp:featuredmedia":[{"embeddable":true,"href":"https:\/\/www.regionalis.shop\/ricardart\/wp-json\/wp\/v2\/media\/2939"}],"wp:attachment":[{"href":"https:\/\/www.regionalis.shop\/ricardart\/wp-json\/wp\/v2\/media?parent=2938"}],"wp:term":[{"taxonomy":"product_brand","embeddable":true,"href":"https:\/\/www.regionalis.shop\/ricardart\/wp-json\/wp\/v2\/product_brand?post=2938"},{"taxonomy":"product_cat","embeddable":true,"href":"https:\/\/www.regionalis.shop\/ricardart\/wp-json\/wp\/v2\/product_cat?post=2938"},{"taxonomy":"product_tag","embeddable":true,"href":"https:\/\/www.regionalis.shop\/ricardart\/wp-json\/wp\/v2\/product_tag?post=2938"}],"curies":[{"name":"wp","href":"https:\/\/api.w.org\/{rel}","templated":true}]}}