{"id":2944,"date":"2025-04-18T01:38:04","date_gmt":"2025-04-17T23:38:04","guid":{"rendered":"https:\/\/www.regionalis.shop\/ricardart\/product\/amethyst-ohrringe-mandala-gold-mit-18k-ohrhaken\/"},"modified":"2025-04-18T01:38:04","modified_gmt":"2025-04-17T23:38:04","slug":"amethyst-ohrringe-mandala-gold-mit-18k-ohrhaken","status":"publish","type":"product","link":"https:\/\/www.regionalis.shop\/ricardart\/shop\/amethyst-ohrringe-mandala-gold-mit-18k-ohrhaken\/","title":{"rendered":"Amethyst Ohrringe *MANDALA gold* mit 18k Ohrhaken"},"content":{"rendered":"<p>H\u00fcbsche Amethystsch\u00e4tze mit 18k vergoldeten Edelstahlohrhaken, goldenen Lavaperlen &#038; Pendants aus strahlendem Messing (Durchmesser: 30mm)<br \/>\nGesamtl\u00e4nge: ~5cm<br \/>\nAMETHYST \u00a0(Kronenchakra\/Sahasr\u00e2ra)<br \/>\nKonzentration-Klarheit-Wahrnehmung-Ruhe<br \/>\nDer Amethyst mit seiner wundersch\u00f6nen &#038; unverkennbar violetten Farbe ist ein wunderbarer &#8222;Lern-Stein&#8220; , f\u00fcr bessere Konzentration &#038; ideal auch zum Einschlafen<br \/>\nAnwendungsgebiete: bei Kopfschmerzen, Schlafproblemen oder Konzentrationsschwierigkeiten. Zur Unterst\u00fctzung in Lern-&#038;, Pr\u00fcfungssituationen<br \/>\nSternzeichen: Fische<\/p>\n","protected":false},"excerpt":{"rendered":"<p>H\u00fcbsche Amethystsch\u00e4tze mit 18k vergoldeten Edelstahlohrhaken, goldenen Lavaperlen &#038; Pendants aus strahlendem Messing (Durchmesser: 30mm) Gesamtl\u00e4nge: ~5cm AMETHYST \u00a0(Kronenchakra\/Sahasr\u00e2ra) Konzentration-Klarheit-Wahrnehmung-Ruhe Der Amethyst mit seiner wundersch\u00f6nen &#038; unverkennbar violetten Farbe ist ein wunderbarer &#8222;Lern-Stein&#8220; , f\u00fcr bessere Konzentration &#038; ideal auch zum Einschlafen Anwendungsgebiete: bei Kopfschmerzen, Schlafproblemen oder Konzentrationsschwierigkeiten. Zur Unterst\u00fctzung in Lern-&#038;, Pr\u00fcfungssituationen Sternzeichen: Fische<\/p>\n","protected":false},"featured_media":2945,"template":"","meta":{"_acf_changed":false},"product_brand":[],"product_cat":[163,70],"product_tag":[],"class_list":{"0":"post-2944","1":"product","2":"type-product","3":"status-publish","4":"has-post-thumbnail","6":"product_cat-ohrringe","7":"product_cat-schmuck","9":"first","10":"instock","11":"purchasable","12":"product-type-simple"},"acf":[],"_links":{"self":[{"href":"https:\/\/www.regionalis.shop\/ricardart\/wp-json\/wp\/v2\/product\/2944","targetHints":{"allow":["GET"]}}],"collection":[{"href":"https:\/\/www.regionalis.shop\/ricardart\/wp-json\/wp\/v2\/product"}],"about":[{"href":"https:\/\/www.regionalis.shop\/ricardart\/wp-json\/wp\/v2\/types\/product"}],"wp:featuredmedia":[{"embeddable":true,"href":"https:\/\/www.regionalis.shop\/ricardart\/wp-json\/wp\/v2\/media\/2945"}],"wp:attachment":[{"href":"https:\/\/www.regionalis.shop\/ricardart\/wp-json\/wp\/v2\/media?parent=2944"}],"wp:term":[{"taxonomy":"product_brand","embeddable":true,"href":"https:\/\/www.regionalis.shop\/ricardart\/wp-json\/wp\/v2\/product_brand?post=2944"},{"taxonomy":"product_cat","embeddable":true,"href":"https:\/\/www.regionalis.shop\/ricardart\/wp-json\/wp\/v2\/product_cat?post=2944"},{"taxonomy":"product_tag","embeddable":true,"href":"https:\/\/www.regionalis.shop\/ricardart\/wp-json\/wp\/v2\/product_tag?post=2944"}],"curies":[{"name":"wp","href":"https:\/\/api.w.org\/{rel}","templated":true}]}}