{"id":2954,"date":"2025-04-18T01:35:56","date_gmt":"2025-04-17T23:35:56","guid":{"rendered":"https:\/\/www.regionalis.shop\/ricardart\/product\/chakra-sonnenfaenger-mandala-flower-mit-regenbogenkristall\/"},"modified":"2025-04-18T01:35:56","modified_gmt":"2025-04-17T23:35:56","slug":"chakra-sonnenfaenger-mandala-flower-mit-regenbogenkristall","status":"publish","type":"product","link":"https:\/\/www.regionalis.shop\/ricardart\/shop\/chakra-sonnenfaenger-mandala-flower-mit-regenbogenkristall\/","title":{"rendered":"Chakra-Sonnenf\u00e4nger &#8218;Mandala-Flower&#8216; mit Regenbogenkristall"},"content":{"rendered":"<p>Hol dir Licht ins Haus!!!<br \/>\nDer Sonnenf\u00e4nger liebt es besonders vor Fenstern zu h\u00e4ngen. Laut Fengh Shui soll so verhindert werden, dass positive Energien zu schnell aus den Fenstern str\u00f6men. Energetisch &#038; harmonisierend!<br \/>\nF\u00e4llt Licht auf den  tropfenf\u00f6rmigen Kristall, so zeigt sich das wunderbare Farbenspektrun des Regenbogens \u2661<br \/>\nMandala aus Holz (8cm) mit ausgew\u00e4hlten Edelsteinen zur Harmonisierung unserer 7 Hauptchakren &#038; des Raumklimas \u2661<br \/>\nH\u00f6he ca. 17cm (ohne Schlaufe)<\/p>\n","protected":false},"excerpt":{"rendered":"<p>Hol dir Licht ins Haus!!! Der Sonnenf\u00e4nger liebt es besonders vor Fenstern zu h\u00e4ngen. Laut Fengh Shui soll so verhindert werden, dass positive Energien zu schnell aus den Fenstern str\u00f6men. Energetisch &#038; harmonisierend! F\u00e4llt Licht auf den tropfenf\u00f6rmigen Kristall, so zeigt sich das wunderbare Farbenspektrun des Regenbogens \u2661 Mandala aus Holz (8cm) mit ausgew\u00e4hlten Edelsteinen &hellip; <a href=\"https:\/\/www.regionalis.shop\/ricardart\/shop\/chakra-sonnenfaenger-mandala-flower-mit-regenbogenkristall\/\">Continued<\/a><\/p>\n","protected":false},"featured_media":2955,"template":"","meta":{"_acf_changed":false},"product_brand":[],"product_cat":[174,103],"product_tag":[],"class_list":{"0":"post-2954","1":"product","2":"type-product","3":"status-publish","4":"has-post-thumbnail","6":"product_cat-wohndekoration","7":"product_cat-wohnen-deko","9":"first","10":"instock","11":"purchasable","12":"product-type-simple"},"acf":[],"_links":{"self":[{"href":"https:\/\/www.regionalis.shop\/ricardart\/wp-json\/wp\/v2\/product\/2954","targetHints":{"allow":["GET"]}}],"collection":[{"href":"https:\/\/www.regionalis.shop\/ricardart\/wp-json\/wp\/v2\/product"}],"about":[{"href":"https:\/\/www.regionalis.shop\/ricardart\/wp-json\/wp\/v2\/types\/product"}],"wp:featuredmedia":[{"embeddable":true,"href":"https:\/\/www.regionalis.shop\/ricardart\/wp-json\/wp\/v2\/media\/2955"}],"wp:attachment":[{"href":"https:\/\/www.regionalis.shop\/ricardart\/wp-json\/wp\/v2\/media?parent=2954"}],"wp:term":[{"taxonomy":"product_brand","embeddable":true,"href":"https:\/\/www.regionalis.shop\/ricardart\/wp-json\/wp\/v2\/product_brand?post=2954"},{"taxonomy":"product_cat","embeddable":true,"href":"https:\/\/www.regionalis.shop\/ricardart\/wp-json\/wp\/v2\/product_cat?post=2954"},{"taxonomy":"product_tag","embeddable":true,"href":"https:\/\/www.regionalis.shop\/ricardart\/wp-json\/wp\/v2\/product_tag?post=2954"}],"curies":[{"name":"wp","href":"https:\/\/api.w.org\/{rel}","templated":true}]}}