{"id":2959,"date":"2025-04-18T01:32:22","date_gmt":"2025-04-17T23:32:22","guid":{"rendered":"https:\/\/www.regionalis.shop\/ricardart\/product\/chakra-sonnenfaenger-blume-des-lebens\/"},"modified":"2025-04-18T01:32:22","modified_gmt":"2025-04-17T23:32:22","slug":"chakra-sonnenfaenger-blume-des-lebens","status":"publish","type":"product","link":"https:\/\/www.regionalis.shop\/ricardart\/shop\/chakra-sonnenfaenger-blume-des-lebens\/","title":{"rendered":"CHAKRA Sonnenf\u00e4nger *BLUME DES LEBENS"},"content":{"rendered":"<p>Harmonie &#038; Balance f\u00fcr Zuhause \u2661<br \/>\nDer Sonnenf\u00e4nger liebt es besonders im Licht, vorallem in der Sonne oder vor Fenstern zu h\u00e4ngen. Der Prismakristall reflektiert &#038; spaltet das Sonnenlicht und sorgt so f\u00fcr ein angenehmes &#038; harmonisches Wohn-&#038; Wohlgef\u00fchl<br \/>\nF\u00e4llt n\u00e4mlich Licht auf den Kristall, so zeigt sich das wunderbare Farbenspektrum des Regenbogens &#8211; daher auch &#8218;Regenbogenkristall genannt \u2661<\/p>\n<p>Lebensblume aus Holz (85mm) mit 7 sorgf\u00e4ltig ausgew\u00e4hlten Edelsteinen &#8211; unseren 7 Hauptchakren zugeordnet.<br \/>\nDie Lebensblume ist seit jeher f\u00fcr ihre harmonisierende &#038; energetische Wirkung bekannt uns kommt in vielen Kulturkreisen zur Anwendung. Ihre wundersch\u00f6ne &#038; vollkommene Form sorgt mit ihrem einzigartigen Schwingungsmuster f\u00fcr ein angenehmes &#038; gesteigertes Wohn-&#038; Wohlgef\u00fchl \u2661<br \/>\nEin wunderbares Wohnaccessoire f\u00fcr K\u00f6rper, Geist &#038; Seele<\/p>\n","protected":false},"excerpt":{"rendered":"<p>Harmonie &#038; Balance f\u00fcr Zuhause \u2661 Der Sonnenf\u00e4nger liebt es besonders im Licht, vorallem in der Sonne oder vor Fenstern zu h\u00e4ngen. Der Prismakristall reflektiert &#038; spaltet das Sonnenlicht und sorgt so f\u00fcr ein angenehmes &#038; harmonisches Wohn-&#038; Wohlgef\u00fchl F\u00e4llt n\u00e4mlich Licht auf den Kristall, so zeigt sich das wunderbare Farbenspektrum des Regenbogens &#8211; daher &hellip; <a href=\"https:\/\/www.regionalis.shop\/ricardart\/shop\/chakra-sonnenfaenger-blume-des-lebens\/\">Continued<\/a><\/p>\n","protected":false},"featured_media":2960,"template":"","meta":{"_acf_changed":false},"product_brand":[],"product_cat":[174,103],"product_tag":[],"class_list":{"0":"post-2959","1":"product","2":"type-product","3":"status-publish","4":"has-post-thumbnail","6":"product_cat-wohndekoration","7":"product_cat-wohnen-deko","9":"first","10":"instock","11":"purchasable","12":"product-type-simple"},"acf":[],"_links":{"self":[{"href":"https:\/\/www.regionalis.shop\/ricardart\/wp-json\/wp\/v2\/product\/2959","targetHints":{"allow":["GET"]}}],"collection":[{"href":"https:\/\/www.regionalis.shop\/ricardart\/wp-json\/wp\/v2\/product"}],"about":[{"href":"https:\/\/www.regionalis.shop\/ricardart\/wp-json\/wp\/v2\/types\/product"}],"wp:featuredmedia":[{"embeddable":true,"href":"https:\/\/www.regionalis.shop\/ricardart\/wp-json\/wp\/v2\/media\/2960"}],"wp:attachment":[{"href":"https:\/\/www.regionalis.shop\/ricardart\/wp-json\/wp\/v2\/media?parent=2959"}],"wp:term":[{"taxonomy":"product_brand","embeddable":true,"href":"https:\/\/www.regionalis.shop\/ricardart\/wp-json\/wp\/v2\/product_brand?post=2959"},{"taxonomy":"product_cat","embeddable":true,"href":"https:\/\/www.regionalis.shop\/ricardart\/wp-json\/wp\/v2\/product_cat?post=2959"},{"taxonomy":"product_tag","embeddable":true,"href":"https:\/\/www.regionalis.shop\/ricardart\/wp-json\/wp\/v2\/product_tag?post=2959"}],"curies":[{"name":"wp","href":"https:\/\/api.w.org\/{rel}","templated":true}]}}