{"id":2963,"date":"2025-04-18T01:32:03","date_gmt":"2025-04-17T23:32:03","guid":{"rendered":"https:\/\/www.regionalis.shop\/ricardart\/product\/chakra-sonnenfaenger-lebensbaum-mit-regenbogenkristall\/"},"modified":"2025-04-18T01:32:03","modified_gmt":"2025-04-17T23:32:03","slug":"chakra-sonnenfaenger-lebensbaum-mit-regenbogenkristall","status":"publish","type":"product","link":"https:\/\/www.regionalis.shop\/ricardart\/shop\/chakra-sonnenfaenger-lebensbaum-mit-regenbogenkristall\/","title":{"rendered":"Chakra Sonnenf\u00e4nger &#8218;Lebensbaum&#8216; mit Regenbogenkristall"},"content":{"rendered":"<p>Hol dir Licht ins Haus!!!<br \/>\nDer Sonnenf\u00e4nger liebt es besonders vor Fenstern zu h\u00e4ngen. Laut Fengh Shui soll so verhindert werden, dass positive Energien zu schnell aus den Fenstern str\u00f6men. Energetisch &#038; harmonisierend!<br \/>\nF\u00e4llt Licht auf den  tropfenf\u00f6rmigen Kristall, so zeigt sich das wunderbare Farbenspektrun des Regenbogens<br \/>\nLebensbaum aus Holz (5cm) mit ausgew\u00e4hlten Edelsteinen zur Harmonisierung unserer 7 Hauptchakren.<\/p>\n","protected":false},"excerpt":{"rendered":"<p>Hol dir Licht ins Haus!!! Der Sonnenf\u00e4nger liebt es besonders vor Fenstern zu h\u00e4ngen. Laut Fengh Shui soll so verhindert werden, dass positive Energien zu schnell aus den Fenstern str\u00f6men. Energetisch &#038; harmonisierend! F\u00e4llt Licht auf den tropfenf\u00f6rmigen Kristall, so zeigt sich das wunderbare Farbenspektrun des Regenbogens Lebensbaum aus Holz (5cm) mit ausgew\u00e4hlten Edelsteinen zur &hellip; <a href=\"https:\/\/www.regionalis.shop\/ricardart\/shop\/chakra-sonnenfaenger-lebensbaum-mit-regenbogenkristall\/\">Continued<\/a><\/p>\n","protected":false},"featured_media":2964,"template":"","meta":{"_acf_changed":false},"product_brand":[],"product_cat":[174,103],"product_tag":[],"class_list":{"0":"post-2963","1":"product","2":"type-product","3":"status-publish","4":"has-post-thumbnail","6":"product_cat-wohndekoration","7":"product_cat-wohnen-deko","9":"first","10":"instock","11":"purchasable","12":"product-type-simple"},"acf":[],"_links":{"self":[{"href":"https:\/\/www.regionalis.shop\/ricardart\/wp-json\/wp\/v2\/product\/2963","targetHints":{"allow":["GET"]}}],"collection":[{"href":"https:\/\/www.regionalis.shop\/ricardart\/wp-json\/wp\/v2\/product"}],"about":[{"href":"https:\/\/www.regionalis.shop\/ricardart\/wp-json\/wp\/v2\/types\/product"}],"wp:featuredmedia":[{"embeddable":true,"href":"https:\/\/www.regionalis.shop\/ricardart\/wp-json\/wp\/v2\/media\/2964"}],"wp:attachment":[{"href":"https:\/\/www.regionalis.shop\/ricardart\/wp-json\/wp\/v2\/media?parent=2963"}],"wp:term":[{"taxonomy":"product_brand","embeddable":true,"href":"https:\/\/www.regionalis.shop\/ricardart\/wp-json\/wp\/v2\/product_brand?post=2963"},{"taxonomy":"product_cat","embeddable":true,"href":"https:\/\/www.regionalis.shop\/ricardart\/wp-json\/wp\/v2\/product_cat?post=2963"},{"taxonomy":"product_tag","embeddable":true,"href":"https:\/\/www.regionalis.shop\/ricardart\/wp-json\/wp\/v2\/product_tag?post=2963"}],"curies":[{"name":"wp","href":"https:\/\/api.w.org\/{rel}","templated":true}]}}