{"id":2967,"date":"2025-04-18T01:27:51","date_gmt":"2025-04-17T23:27:51","guid":{"rendered":"https:\/\/www.regionalis.shop\/ricardart\/product\/armband-lebensbaum-nickelfrei\/"},"modified":"2025-04-18T01:27:51","modified_gmt":"2025-04-17T23:27:51","slug":"armband-lebensbaum-nickelfrei","status":"publish","type":"product","link":"https:\/\/www.regionalis.shop\/ricardart\/shop\/armband-lebensbaum-nickelfrei\/","title":{"rendered":"Armband &#8218;Lebensbaum&#8216; (nickelfrei)"},"content":{"rendered":"<p>Armb\u00e4nder aus gewachstem Makrameegarn (strapazierf\u00e4hig &#038; wasserfest) mit l\u00e4ngenverstellbarem Schiebeverschluss<br \/>\nzum individuellen anpassen.<br \/>\nLebensbaum aus nickel-, und cadmiumfreiem Messing.<br \/>\nEin feines Geschenk, ob f\u00fcr dich oder einen lieben Menschen \u2661<\/p>\n","protected":false},"excerpt":{"rendered":"<p>Armb\u00e4nder aus gewachstem Makrameegarn (strapazierf\u00e4hig &#038; wasserfest) mit l\u00e4ngenverstellbarem Schiebeverschluss zum individuellen anpassen. Lebensbaum aus nickel-, und cadmiumfreiem Messing. Ein feines Geschenk, ob f\u00fcr dich oder einen lieben Menschen \u2661<\/p>\n","protected":false},"featured_media":2968,"template":"","meta":{"_acf_changed":false},"product_brand":[],"product_cat":[110,70],"product_tag":[],"class_list":{"0":"post-2967","1":"product","2":"type-product","3":"status-publish","4":"has-post-thumbnail","6":"product_cat-armbaender","7":"product_cat-schmuck","9":"first","10":"instock","11":"purchasable","12":"product-type-simple"},"acf":[],"_links":{"self":[{"href":"https:\/\/www.regionalis.shop\/ricardart\/wp-json\/wp\/v2\/product\/2967","targetHints":{"allow":["GET"]}}],"collection":[{"href":"https:\/\/www.regionalis.shop\/ricardart\/wp-json\/wp\/v2\/product"}],"about":[{"href":"https:\/\/www.regionalis.shop\/ricardart\/wp-json\/wp\/v2\/types\/product"}],"wp:featuredmedia":[{"embeddable":true,"href":"https:\/\/www.regionalis.shop\/ricardart\/wp-json\/wp\/v2\/media\/2968"}],"wp:attachment":[{"href":"https:\/\/www.regionalis.shop\/ricardart\/wp-json\/wp\/v2\/media?parent=2967"}],"wp:term":[{"taxonomy":"product_brand","embeddable":true,"href":"https:\/\/www.regionalis.shop\/ricardart\/wp-json\/wp\/v2\/product_brand?post=2967"},{"taxonomy":"product_cat","embeddable":true,"href":"https:\/\/www.regionalis.shop\/ricardart\/wp-json\/wp\/v2\/product_cat?post=2967"},{"taxonomy":"product_tag","embeddable":true,"href":"https:\/\/www.regionalis.shop\/ricardart\/wp-json\/wp\/v2\/product_tag?post=2967"}],"curies":[{"name":"wp","href":"https:\/\/api.w.org\/{rel}","templated":true}]}}