{"id":2972,"date":"2025-04-18T01:16:54","date_gmt":"2025-04-17T23:16:54","guid":{"rendered":"https:\/\/www.regionalis.shop\/ricardart\/product\/moosachat-armband-anahata-3reihig\/"},"modified":"2025-04-18T01:16:54","modified_gmt":"2025-04-17T23:16:54","slug":"moosachat-armband-anahata-3reihig","status":"publish","type":"product","link":"https:\/\/www.regionalis.shop\/ricardart\/shop\/moosachat-armband-anahata-3reihig\/","title":{"rendered":"Moosachat Armband &#8218;Anahata&#8216; 3reihig"},"content":{"rendered":"<p>Kraftvolles Heilsteinarmband mit Moosachat (Herzchakra) \u2661<br \/>\nDer Moosachat steht f\u00fcr Selbstwert, Ideenreichtum, ein starkes Immunsystem, Lebensfreude &#038; Naturverbundenheit \u2661<br \/>\nDas Armband l\u00e4sst sich durch den l\u00e4ngenverstellbaren Schiebeknoten sehr gut anpassen.<br \/>\n~ Ein kraftvoller Wegbegleiter f\u00fcr jeden Tag \u2661<\/p>\n","protected":false},"excerpt":{"rendered":"<p>Kraftvolles Heilsteinarmband mit Moosachat (Herzchakra) \u2661 Der Moosachat steht f\u00fcr Selbstwert, Ideenreichtum, ein starkes Immunsystem, Lebensfreude &#038; Naturverbundenheit \u2661 Das Armband l\u00e4sst sich durch den l\u00e4ngenverstellbaren Schiebeknoten sehr gut anpassen. ~ Ein kraftvoller Wegbegleiter f\u00fcr jeden Tag \u2661<\/p>\n","protected":false},"featured_media":2973,"template":"","meta":{"_acf_changed":false},"product_brand":[],"product_cat":[110,70],"product_tag":[],"class_list":{"0":"post-2972","1":"product","2":"type-product","3":"status-publish","4":"has-post-thumbnail","6":"product_cat-armbaender","7":"product_cat-schmuck","9":"first","10":"instock","11":"purchasable","12":"product-type-simple"},"acf":[],"_links":{"self":[{"href":"https:\/\/www.regionalis.shop\/ricardart\/wp-json\/wp\/v2\/product\/2972","targetHints":{"allow":["GET"]}}],"collection":[{"href":"https:\/\/www.regionalis.shop\/ricardart\/wp-json\/wp\/v2\/product"}],"about":[{"href":"https:\/\/www.regionalis.shop\/ricardart\/wp-json\/wp\/v2\/types\/product"}],"wp:featuredmedia":[{"embeddable":true,"href":"https:\/\/www.regionalis.shop\/ricardart\/wp-json\/wp\/v2\/media\/2973"}],"wp:attachment":[{"href":"https:\/\/www.regionalis.shop\/ricardart\/wp-json\/wp\/v2\/media?parent=2972"}],"wp:term":[{"taxonomy":"product_brand","embeddable":true,"href":"https:\/\/www.regionalis.shop\/ricardart\/wp-json\/wp\/v2\/product_brand?post=2972"},{"taxonomy":"product_cat","embeddable":true,"href":"https:\/\/www.regionalis.shop\/ricardart\/wp-json\/wp\/v2\/product_cat?post=2972"},{"taxonomy":"product_tag","embeddable":true,"href":"https:\/\/www.regionalis.shop\/ricardart\/wp-json\/wp\/v2\/product_tag?post=2972"}],"curies":[{"name":"wp","href":"https:\/\/api.w.org\/{rel}","templated":true}]}}