{"id":2976,"date":"2025-04-18T01:14:53","date_gmt":"2025-04-17T23:14:53","guid":{"rendered":"https:\/\/www.regionalis.shop\/ricardart\/product\/wickelarmband-tigerauge-lebensbaum\/"},"modified":"2025-04-18T01:14:53","modified_gmt":"2025-04-17T23:14:53","slug":"wickelarmband-tigerauge-lebensbaum","status":"publish","type":"product","link":"https:\/\/www.regionalis.shop\/ricardart\/shop\/wickelarmband-tigerauge-lebensbaum\/","title":{"rendered":"Wickelarmband  Tigerauge &#8211; Lebensbaum"},"content":{"rendered":"<p>Das TIGERAUGE (Solarplexuschakra zugeordnet) wird vielerorts als Talisman verwendet, da es negative Energien fernhalten, und Gl\u00fcck bringen soll.<br \/>\n&#8211; mit Verbinder aus Messing &#038; extralangem B\u00e4ndchen aus widerstandsf\u00e4higem, gewachstem Makrameegarn f\u00fcr Hand &#038; Fu\u00df (wahlweise mit l\u00e4ngenverstellbarem Schiebeknoten)<\/p>\n","protected":false},"excerpt":{"rendered":"<p>Das TIGERAUGE (Solarplexuschakra zugeordnet) wird vielerorts als Talisman verwendet, da es negative Energien fernhalten, und Gl\u00fcck bringen soll. &#8211; mit Verbinder aus Messing &#038; extralangem B\u00e4ndchen aus widerstandsf\u00e4higem, gewachstem Makrameegarn f\u00fcr Hand &#038; Fu\u00df (wahlweise mit l\u00e4ngenverstellbarem Schiebeknoten)<\/p>\n","protected":false},"featured_media":2977,"template":"","meta":{"_acf_changed":false},"product_brand":[],"product_cat":[110,70],"product_tag":[],"class_list":{"0":"post-2976","1":"product","2":"type-product","3":"status-publish","4":"has-post-thumbnail","6":"product_cat-armbaender","7":"product_cat-schmuck","9":"first","10":"instock","11":"purchasable","12":"product-type-simple"},"acf":[],"_links":{"self":[{"href":"https:\/\/www.regionalis.shop\/ricardart\/wp-json\/wp\/v2\/product\/2976","targetHints":{"allow":["GET"]}}],"collection":[{"href":"https:\/\/www.regionalis.shop\/ricardart\/wp-json\/wp\/v2\/product"}],"about":[{"href":"https:\/\/www.regionalis.shop\/ricardart\/wp-json\/wp\/v2\/types\/product"}],"wp:featuredmedia":[{"embeddable":true,"href":"https:\/\/www.regionalis.shop\/ricardart\/wp-json\/wp\/v2\/media\/2977"}],"wp:attachment":[{"href":"https:\/\/www.regionalis.shop\/ricardart\/wp-json\/wp\/v2\/media?parent=2976"}],"wp:term":[{"taxonomy":"product_brand","embeddable":true,"href":"https:\/\/www.regionalis.shop\/ricardart\/wp-json\/wp\/v2\/product_brand?post=2976"},{"taxonomy":"product_cat","embeddable":true,"href":"https:\/\/www.regionalis.shop\/ricardart\/wp-json\/wp\/v2\/product_cat?post=2976"},{"taxonomy":"product_tag","embeddable":true,"href":"https:\/\/www.regionalis.shop\/ricardart\/wp-json\/wp\/v2\/product_tag?post=2976"}],"curies":[{"name":"wp","href":"https:\/\/api.w.org\/{rel}","templated":true}]}}