{"id":2989,"date":"2025-04-18T01:13:23","date_gmt":"2025-04-17T23:13:23","guid":{"rendered":"https:\/\/www.regionalis.shop\/ricardart\/product\/tigerauge-halskette-blume-des-lebens-antikgold\/"},"modified":"2025-04-18T01:13:23","modified_gmt":"2025-04-17T23:13:23","slug":"tigerauge-halskette-blume-des-lebens-antikgold","status":"publish","type":"product","link":"https:\/\/www.regionalis.shop\/ricardart\/shop\/tigerauge-halskette-blume-des-lebens-antikgold\/","title":{"rendered":"Tigerauge Halskette &#8218;Blume des Lebens&#8216; antikgold"},"content":{"rendered":"<p>Das TIGERAUGE  wird seit jeher als Talisman verwendet, da er negative Energien fernhalten soll. Au\u00dferdem wird er zur Harmonisierung unseres Solarplexuschakras verwendet.<br \/>\nDie Halskette hat einen l\u00e4ngenverstellbaren Schiebeknoten, sodass sie sich an jedes Oberteil perfekt anpassen l\u00e4sst. Ob kurz getragen am Dekollet\u00e9 oder als lange Kette \u00fcber einem Pulli, ein kraftvoller Wegbegleiter f\u00fcr jeden Tag \ud83d\ude42<\/p>\n","protected":false},"excerpt":{"rendered":"<p>Das TIGERAUGE wird seit jeher als Talisman verwendet, da er negative Energien fernhalten soll. Au\u00dferdem wird er zur Harmonisierung unseres Solarplexuschakras verwendet. Die Halskette hat einen l\u00e4ngenverstellbaren Schiebeknoten, sodass sie sich an jedes Oberteil perfekt anpassen l\u00e4sst. Ob kurz getragen am Dekollet\u00e9 oder als lange Kette \u00fcber einem Pulli, ein kraftvoller Wegbegleiter f\u00fcr jeden Tag &hellip; <a href=\"https:\/\/www.regionalis.shop\/ricardart\/shop\/tigerauge-halskette-blume-des-lebens-antikgold\/\">Continued<\/a><\/p>\n","protected":false},"featured_media":2990,"template":"","meta":{"_acf_changed":false},"product_brand":[],"product_cat":[141,70],"product_tag":[],"class_list":{"0":"post-2989","1":"product","2":"type-product","3":"status-publish","4":"has-post-thumbnail","6":"product_cat-halsketten","7":"product_cat-schmuck","9":"first","10":"instock","11":"purchasable","12":"product-type-simple"},"acf":[],"_links":{"self":[{"href":"https:\/\/www.regionalis.shop\/ricardart\/wp-json\/wp\/v2\/product\/2989","targetHints":{"allow":["GET"]}}],"collection":[{"href":"https:\/\/www.regionalis.shop\/ricardart\/wp-json\/wp\/v2\/product"}],"about":[{"href":"https:\/\/www.regionalis.shop\/ricardart\/wp-json\/wp\/v2\/types\/product"}],"wp:featuredmedia":[{"embeddable":true,"href":"https:\/\/www.regionalis.shop\/ricardart\/wp-json\/wp\/v2\/media\/2990"}],"wp:attachment":[{"href":"https:\/\/www.regionalis.shop\/ricardart\/wp-json\/wp\/v2\/media?parent=2989"}],"wp:term":[{"taxonomy":"product_brand","embeddable":true,"href":"https:\/\/www.regionalis.shop\/ricardart\/wp-json\/wp\/v2\/product_brand?post=2989"},{"taxonomy":"product_cat","embeddable":true,"href":"https:\/\/www.regionalis.shop\/ricardart\/wp-json\/wp\/v2\/product_cat?post=2989"},{"taxonomy":"product_tag","embeddable":true,"href":"https:\/\/www.regionalis.shop\/ricardart\/wp-json\/wp\/v2\/product_tag?post=2989"}],"curies":[{"name":"wp","href":"https:\/\/api.w.org\/{rel}","templated":true}]}}