{"id":2992,"date":"2025-04-18T01:13:23","date_gmt":"2025-04-17T23:13:23","guid":{"rendered":"https:\/\/www.regionalis.shop\/ricardart\/product\/doppelarmband-amazonit-rosenquarz-lotus-gold\/"},"modified":"2025-04-18T01:13:23","modified_gmt":"2025-04-17T23:13:23","slug":"doppelarmband-amazonit-rosenquarz-lotus-gold","status":"publish","type":"product","link":"https:\/\/www.regionalis.shop\/ricardart\/shop\/doppelarmband-amazonit-rosenquarz-lotus-gold\/","title":{"rendered":"Doppelarmband Amazonit\/Rosenquarz *Lotus gold"},"content":{"rendered":"<p>Dank l\u00e4ngenverstellbarem Schiebeknoten sind die Armb\u00e4nder an jedes Handgelenk individuell anpassbar.<br \/>\nDas gewachste Makrameegarn ist sehr widerstandsf\u00e4hig und darf gerne auch nass werden<br \/>\nMit nat\u00fcrlichen Amazonit- oder Rosenquarzperlen <\/p>\n<p>Du bekommst dein Armband liebevoll verpackt, mit beigelegten Steckbrief auf dem du die wichtigsten Infos zu deinem neuen Begleiter nachlesen kannst<br \/>\n~~~<br \/>\nAMAZONIT \u00a0(Halschakra\/Vi\u015buddha)<br \/>\nGelassenheit ~ innere Ruhe &#038; Balance ~ Frieden<br \/>\nDer ANTI-STRESS-STEIN oder auch &#8218;\u00c4rger dich nicht Stein&#8216; genannt\u00a0<br \/>\nIm hektischen Berufsalltag der ideale Begleiter &#038; Ruhepol. Auch bei Wut, \u00c4rger &#038; Frust unterst\u00fctzt er dich dabei deinen Weg in die Gelassenheit zur\u00fcckzufinden -> mit K\u00f6rperkontakt tragen!<br \/>\n\u00a0Sternzeichen: Skorpion<\/p>\n<p>ROSENQUARZ \u00a0(Herzchakra\/An\u00e3hata)<br \/>\nSinnlichkeit ~ Liebe ~ Empathie ~ Beziehung ~ Vertrauen<br \/>\nDer Rosenquarz ist ein wunderbarer &#038; f\u00fcr mich sehr wertvoller Begleiter, der mir schon durch so manche Herzenskrise geholfen hat. Mit direktem Hautkontakt (am Besten in Herzn\u00e4he) ein idealer Stein um zu Meditieren &#038; das Herz ganz bewusst zu \u00f6ffnen &#8211; sowohl f\u00fcr dich,\u00a0 als auch f\u00fcr deine Mitmenschen \u2661 Mit verschlossenem Herzen verschlie\u00dfen sich auch die wunderbarsten Dinge des Lebens.\u00a0<br \/>\nSternzeichen: Stier<\/p>\n","protected":false},"excerpt":{"rendered":"<p>Dank l\u00e4ngenverstellbarem Schiebeknoten sind die Armb\u00e4nder an jedes Handgelenk individuell anpassbar. Das gewachste Makrameegarn ist sehr widerstandsf\u00e4hig und darf gerne auch nass werden Mit nat\u00fcrlichen Amazonit- oder Rosenquarzperlen Du bekommst dein Armband liebevoll verpackt, mit beigelegten Steckbrief auf dem du die wichtigsten Infos zu deinem neuen Begleiter nachlesen kannst ~~~ AMAZONIT \u00a0(Halschakra\/Vi\u015buddha) Gelassenheit ~ innere &hellip; <a href=\"https:\/\/www.regionalis.shop\/ricardart\/shop\/doppelarmband-amazonit-rosenquarz-lotus-gold\/\">Continued<\/a><\/p>\n","protected":false},"featured_media":2993,"template":"","meta":{"_acf_changed":false},"product_brand":[],"product_cat":[110,70],"product_tag":[],"class_list":{"0":"post-2992","1":"product","2":"type-product","3":"status-publish","4":"has-post-thumbnail","6":"product_cat-armbaender","7":"product_cat-schmuck","9":"first","10":"instock","11":"purchasable","12":"product-type-simple"},"acf":[],"_links":{"self":[{"href":"https:\/\/www.regionalis.shop\/ricardart\/wp-json\/wp\/v2\/product\/2992","targetHints":{"allow":["GET"]}}],"collection":[{"href":"https:\/\/www.regionalis.shop\/ricardart\/wp-json\/wp\/v2\/product"}],"about":[{"href":"https:\/\/www.regionalis.shop\/ricardart\/wp-json\/wp\/v2\/types\/product"}],"wp:featuredmedia":[{"embeddable":true,"href":"https:\/\/www.regionalis.shop\/ricardart\/wp-json\/wp\/v2\/media\/2993"}],"wp:attachment":[{"href":"https:\/\/www.regionalis.shop\/ricardart\/wp-json\/wp\/v2\/media?parent=2992"}],"wp:term":[{"taxonomy":"product_brand","embeddable":true,"href":"https:\/\/www.regionalis.shop\/ricardart\/wp-json\/wp\/v2\/product_brand?post=2992"},{"taxonomy":"product_cat","embeddable":true,"href":"https:\/\/www.regionalis.shop\/ricardart\/wp-json\/wp\/v2\/product_cat?post=2992"},{"taxonomy":"product_tag","embeddable":true,"href":"https:\/\/www.regionalis.shop\/ricardart\/wp-json\/wp\/v2\/product_tag?post=2992"}],"curies":[{"name":"wp","href":"https:\/\/api.w.org\/{rel}","templated":true}]}}