{"id":2997,"date":"2025-04-18T01:12:15","date_gmt":"2025-04-17T23:12:15","guid":{"rendered":"https:\/\/www.regionalis.shop\/ricardart\/product\/edelstein-glueckstaler\/"},"modified":"2025-04-18T01:12:15","modified_gmt":"2025-04-17T23:12:15","slug":"edelstein-glueckstaler","status":"publish","type":"product","link":"https:\/\/www.regionalis.shop\/ricardart\/shop\/edelstein-glueckstaler\/","title":{"rendered":"EDELSTEIN- Gl\u00fcckstaler"},"content":{"rendered":"<p>Von Hand gefertigte Gl\u00fccksbringer \/ Gl\u00fcckstaler aus Holz (Durchmesser 20mm) mit nat\u00fcrlichen Edelsteinen best\u00fcckt.<br \/>\nDie bunte &#038; energievolle Alternative zu Gl\u00fccksschwein &#038; Hufeisen \ud83d\ude42<\/p>\n","protected":false},"excerpt":{"rendered":"<p>Von Hand gefertigte Gl\u00fccksbringer \/ Gl\u00fcckstaler aus Holz (Durchmesser 20mm) mit nat\u00fcrlichen Edelsteinen best\u00fcckt. Die bunte &#038; energievolle Alternative zu Gl\u00fccksschwein &#038; Hufeisen \ud83d\ude42<\/p>\n","protected":false},"featured_media":2998,"template":"","meta":{"_acf_changed":false},"product_brand":[],"product_cat":[162,83],"product_tag":[],"class_list":{"0":"post-2997","1":"product","2":"type-product","3":"status-publish","4":"has-post-thumbnail","6":"product_cat-null","7":"product_cat-sonstiges","9":"first","10":"instock","11":"purchasable","12":"product-type-simple"},"acf":[],"_links":{"self":[{"href":"https:\/\/www.regionalis.shop\/ricardart\/wp-json\/wp\/v2\/product\/2997","targetHints":{"allow":["GET"]}}],"collection":[{"href":"https:\/\/www.regionalis.shop\/ricardart\/wp-json\/wp\/v2\/product"}],"about":[{"href":"https:\/\/www.regionalis.shop\/ricardart\/wp-json\/wp\/v2\/types\/product"}],"wp:featuredmedia":[{"embeddable":true,"href":"https:\/\/www.regionalis.shop\/ricardart\/wp-json\/wp\/v2\/media\/2998"}],"wp:attachment":[{"href":"https:\/\/www.regionalis.shop\/ricardart\/wp-json\/wp\/v2\/media?parent=2997"}],"wp:term":[{"taxonomy":"product_brand","embeddable":true,"href":"https:\/\/www.regionalis.shop\/ricardart\/wp-json\/wp\/v2\/product_brand?post=2997"},{"taxonomy":"product_cat","embeddable":true,"href":"https:\/\/www.regionalis.shop\/ricardart\/wp-json\/wp\/v2\/product_cat?post=2997"},{"taxonomy":"product_tag","embeddable":true,"href":"https:\/\/www.regionalis.shop\/ricardart\/wp-json\/wp\/v2\/product_tag?post=2997"}],"curies":[{"name":"wp","href":"https:\/\/api.w.org\/{rel}","templated":true}]}}