{"id":3008,"date":"2025-04-18T01:11:38","date_gmt":"2025-04-17T23:11:38","guid":{"rendered":"https:\/\/www.regionalis.shop\/ricardart\/product\/chakra-armband-lebensblume\/"},"modified":"2025-04-18T01:11:38","modified_gmt":"2025-04-17T23:11:38","slug":"chakra-armband-lebensblume","status":"publish","type":"product","link":"https:\/\/www.regionalis.shop\/ricardart\/shop\/chakra-armband-lebensblume\/","title":{"rendered":"Chakra Armband &#8218;Lebensblume&#8216;"},"content":{"rendered":"<p>Ein kraftvoller Wegbegleiter f\u00fcrs Handgelenk \u2661<br \/>\n&#8211; mit 7 nat\u00fcrlichen Edelsteinperlen zur Harmonisierung unserer 7 Hauptchakren \u2661<br \/>\n&#8211; handgefertigt, mit l\u00e4ngenverstellbarem Schiebeknoten (passt sich perfekt an jedes Handgelenk an)<br \/>\n&#8211; aus sehr widerstandsf\u00e4higem, gewachstem Makrameegarn<br \/>\n&#8211; wassertauglich &#8211; auch f\u00fcr dauerhaftes Tragen geeignet \u2661<\/p>\n","protected":false},"excerpt":{"rendered":"<p>Ein kraftvoller Wegbegleiter f\u00fcrs Handgelenk \u2661 &#8211; mit 7 nat\u00fcrlichen Edelsteinperlen zur Harmonisierung unserer 7 Hauptchakren \u2661 &#8211; handgefertigt, mit l\u00e4ngenverstellbarem Schiebeknoten (passt sich perfekt an jedes Handgelenk an) &#8211; aus sehr widerstandsf\u00e4higem, gewachstem Makrameegarn &#8211; wassertauglich &#8211; auch f\u00fcr dauerhaftes Tragen geeignet \u2661<\/p>\n","protected":false},"featured_media":3009,"template":"","meta":{"_acf_changed":false},"product_brand":[],"product_cat":[110,70],"product_tag":[],"class_list":{"0":"post-3008","1":"product","2":"type-product","3":"status-publish","4":"has-post-thumbnail","6":"product_cat-armbaender","7":"product_cat-schmuck","9":"first","10":"instock","11":"purchasable","12":"product-type-simple"},"acf":[],"_links":{"self":[{"href":"https:\/\/www.regionalis.shop\/ricardart\/wp-json\/wp\/v2\/product\/3008","targetHints":{"allow":["GET"]}}],"collection":[{"href":"https:\/\/www.regionalis.shop\/ricardart\/wp-json\/wp\/v2\/product"}],"about":[{"href":"https:\/\/www.regionalis.shop\/ricardart\/wp-json\/wp\/v2\/types\/product"}],"wp:featuredmedia":[{"embeddable":true,"href":"https:\/\/www.regionalis.shop\/ricardart\/wp-json\/wp\/v2\/media\/3009"}],"wp:attachment":[{"href":"https:\/\/www.regionalis.shop\/ricardart\/wp-json\/wp\/v2\/media?parent=3008"}],"wp:term":[{"taxonomy":"product_brand","embeddable":true,"href":"https:\/\/www.regionalis.shop\/ricardart\/wp-json\/wp\/v2\/product_brand?post=3008"},{"taxonomy":"product_cat","embeddable":true,"href":"https:\/\/www.regionalis.shop\/ricardart\/wp-json\/wp\/v2\/product_cat?post=3008"},{"taxonomy":"product_tag","embeddable":true,"href":"https:\/\/www.regionalis.shop\/ricardart\/wp-json\/wp\/v2\/product_tag?post=3008"}],"curies":[{"name":"wp","href":"https:\/\/api.w.org\/{rel}","templated":true}]}}