{"id":3012,"date":"2025-04-18T01:11:38","date_gmt":"2025-04-17T23:11:38","guid":{"rendered":"https:\/\/www.regionalis.shop\/ricardart\/product\/chakra-halskette-lebensblume-haematit\/"},"modified":"2025-04-18T01:11:38","modified_gmt":"2025-04-17T23:11:38","slug":"chakra-halskette-lebensblume-haematit","status":"publish","type":"product","link":"https:\/\/www.regionalis.shop\/ricardart\/shop\/chakra-halskette-lebensblume-haematit\/","title":{"rendered":"CHAKRA Halskette &#8218;Lebensblume &#8211; H\u00e4matit&#8216;"},"content":{"rendered":"<p>Farbenpr\u00e4chtige  von Hand gefertigte Halskette mit 7 ausgew\u00e4hlten (Roh-)Heilsteinen zur Harmonisierung unserer Hauptchakren &#038; f\u00fcr innere Balance \u2661<br \/>\n&#8211; mit l\u00e4ngenverstellbaren Schiebeverschluss<br \/>\n&#8211; aus widerstandsf\u00e4higem, gewachsten  Makrameegarn (wassertauglich)<br \/>\nEin wunderbarer Schatz, um sich selbst (oder einem lieben Menschen) etwas Gutes zu tun \u2661\u2661\u2661<\/p>\n","protected":false},"excerpt":{"rendered":"<p>Farbenpr\u00e4chtige von Hand gefertigte Halskette mit 7 ausgew\u00e4hlten (Roh-)Heilsteinen zur Harmonisierung unserer Hauptchakren &#038; f\u00fcr innere Balance \u2661 &#8211; mit l\u00e4ngenverstellbaren Schiebeverschluss &#8211; aus widerstandsf\u00e4higem, gewachsten Makrameegarn (wassertauglich) Ein wunderbarer Schatz, um sich selbst (oder einem lieben Menschen) etwas Gutes zu tun \u2661\u2661\u2661<\/p>\n","protected":false},"featured_media":3013,"template":"","meta":{"_acf_changed":false},"product_brand":[],"product_cat":[141,70],"product_tag":[],"class_list":{"0":"post-3012","1":"product","2":"type-product","3":"status-publish","4":"has-post-thumbnail","6":"product_cat-halsketten","7":"product_cat-schmuck","9":"first","10":"instock","11":"purchasable","12":"product-type-simple"},"acf":[],"_links":{"self":[{"href":"https:\/\/www.regionalis.shop\/ricardart\/wp-json\/wp\/v2\/product\/3012","targetHints":{"allow":["GET"]}}],"collection":[{"href":"https:\/\/www.regionalis.shop\/ricardart\/wp-json\/wp\/v2\/product"}],"about":[{"href":"https:\/\/www.regionalis.shop\/ricardart\/wp-json\/wp\/v2\/types\/product"}],"wp:featuredmedia":[{"embeddable":true,"href":"https:\/\/www.regionalis.shop\/ricardart\/wp-json\/wp\/v2\/media\/3013"}],"wp:attachment":[{"href":"https:\/\/www.regionalis.shop\/ricardart\/wp-json\/wp\/v2\/media?parent=3012"}],"wp:term":[{"taxonomy":"product_brand","embeddable":true,"href":"https:\/\/www.regionalis.shop\/ricardart\/wp-json\/wp\/v2\/product_brand?post=3012"},{"taxonomy":"product_cat","embeddable":true,"href":"https:\/\/www.regionalis.shop\/ricardart\/wp-json\/wp\/v2\/product_cat?post=3012"},{"taxonomy":"product_tag","embeddable":true,"href":"https:\/\/www.regionalis.shop\/ricardart\/wp-json\/wp\/v2\/product_tag?post=3012"}],"curies":[{"name":"wp","href":"https:\/\/api.w.org\/{rel}","templated":true}]}}