{"id":3017,"date":"2025-04-18T00:57:03","date_gmt":"2025-04-17T22:57:03","guid":{"rendered":"https:\/\/www.regionalis.shop\/ricardart\/product\/wunschkristall-geschenkbox-schutzengel\/"},"modified":"2025-04-18T00:57:03","modified_gmt":"2025-04-17T22:57:03","slug":"wunschkristall-geschenkbox-schutzengel","status":"publish","type":"product","link":"https:\/\/www.regionalis.shop\/ricardart\/shop\/wunschkristall-geschenkbox-schutzengel\/","title":{"rendered":"Wunschkristall Geschenkbox *SCHUTZENGEL*"},"content":{"rendered":"<p>GESCHENKESET bestehend aus:<br \/>\n&#8211; Makrameeengel &#8218;Mondstein'(aus 100%iger Baumwolle &#038; 10mm Mondsteinperle)<br \/>\n&#8211; Wunschkristallarmband zur Manifestation &#038; Visualisierung von Tr\u00e4umen, W\u00fcnschen &#038; Zielen <\/p>\n<p>Ein liebevolles Geschenk f\u00fcr einen liebevollen Menschen<\/p>\n","protected":false},"excerpt":{"rendered":"<p>GESCHENKESET bestehend aus: &#8211; Makrameeengel &#8218;Mondstein'(aus 100%iger Baumwolle &#038; 10mm Mondsteinperle) &#8211; Wunschkristallarmband zur Manifestation &#038; Visualisierung von Tr\u00e4umen, W\u00fcnschen &#038; Zielen Ein liebevolles Geschenk f\u00fcr einen liebevollen Menschen<\/p>\n","protected":false},"featured_media":3018,"template":"","meta":{"_acf_changed":false},"product_brand":[],"product_cat":[173,103],"product_tag":[],"class_list":{"0":"post-3017","1":"product","2":"type-product","3":"status-publish","4":"has-post-thumbnail","6":"product_cat-weihnachten","7":"product_cat-wohnen-deko","9":"first","10":"instock","11":"purchasable","12":"product-type-simple"},"acf":[],"_links":{"self":[{"href":"https:\/\/www.regionalis.shop\/ricardart\/wp-json\/wp\/v2\/product\/3017","targetHints":{"allow":["GET"]}}],"collection":[{"href":"https:\/\/www.regionalis.shop\/ricardart\/wp-json\/wp\/v2\/product"}],"about":[{"href":"https:\/\/www.regionalis.shop\/ricardart\/wp-json\/wp\/v2\/types\/product"}],"wp:featuredmedia":[{"embeddable":true,"href":"https:\/\/www.regionalis.shop\/ricardart\/wp-json\/wp\/v2\/media\/3018"}],"wp:attachment":[{"href":"https:\/\/www.regionalis.shop\/ricardart\/wp-json\/wp\/v2\/media?parent=3017"}],"wp:term":[{"taxonomy":"product_brand","embeddable":true,"href":"https:\/\/www.regionalis.shop\/ricardart\/wp-json\/wp\/v2\/product_brand?post=3017"},{"taxonomy":"product_cat","embeddable":true,"href":"https:\/\/www.regionalis.shop\/ricardart\/wp-json\/wp\/v2\/product_cat?post=3017"},{"taxonomy":"product_tag","embeddable":true,"href":"https:\/\/www.regionalis.shop\/ricardart\/wp-json\/wp\/v2\/product_tag?post=3017"}],"curies":[{"name":"wp","href":"https:\/\/api.w.org\/{rel}","templated":true}]}}