{"id":3025,"date":"2025-04-18T00:53:21","date_gmt":"2025-04-17T22:53:21","guid":{"rendered":"https:\/\/www.regionalis.shop\/ricardart\/product\/bergkristall-creolen-seed-of-life\/"},"modified":"2025-04-18T00:53:21","modified_gmt":"2025-04-17T22:53:21","slug":"bergkristall-creolen-seed-of-life","status":"publish","type":"product","link":"https:\/\/www.regionalis.shop\/ricardart\/shop\/bergkristall-creolen-seed-of-life\/","title":{"rendered":"Bergkristall Creolen &#8222;Seed of Life&#8216;"},"content":{"rendered":"<p>Ohrringe mit nickel\/cadmiumfreien Brisuren aus Edelstahl. Durchmesser Creo\u00f6en 25mm.<br \/>\nDer verwendete Bergkristall erstrahlt hier in seiner nat\u00fcrlichen &#038; sch\u00f6nsten Form \u2661 Er wird unserem Kronenchakra zugeordnet und steht f\u00fcr Innere Klarheit, Erkenntnis, Entwicklung &#038; geistige Reife<\/p>\n","protected":false},"excerpt":{"rendered":"<p>Ohrringe mit nickel\/cadmiumfreien Brisuren aus Edelstahl. Durchmesser Creo\u00f6en 25mm. Der verwendete Bergkristall erstrahlt hier in seiner nat\u00fcrlichen &#038; sch\u00f6nsten Form \u2661 Er wird unserem Kronenchakra zugeordnet und steht f\u00fcr Innere Klarheit, Erkenntnis, Entwicklung &#038; geistige Reife<\/p>\n","protected":false},"featured_media":3026,"template":"","meta":{"_acf_changed":false},"product_brand":[],"product_cat":[163,70],"product_tag":[],"class_list":{"0":"post-3025","1":"product","2":"type-product","3":"status-publish","4":"has-post-thumbnail","6":"product_cat-ohrringe","7":"product_cat-schmuck","9":"first","10":"instock","11":"purchasable","12":"product-type-simple"},"acf":[],"_links":{"self":[{"href":"https:\/\/www.regionalis.shop\/ricardart\/wp-json\/wp\/v2\/product\/3025","targetHints":{"allow":["GET"]}}],"collection":[{"href":"https:\/\/www.regionalis.shop\/ricardart\/wp-json\/wp\/v2\/product"}],"about":[{"href":"https:\/\/www.regionalis.shop\/ricardart\/wp-json\/wp\/v2\/types\/product"}],"wp:featuredmedia":[{"embeddable":true,"href":"https:\/\/www.regionalis.shop\/ricardart\/wp-json\/wp\/v2\/media\/3026"}],"wp:attachment":[{"href":"https:\/\/www.regionalis.shop\/ricardart\/wp-json\/wp\/v2\/media?parent=3025"}],"wp:term":[{"taxonomy":"product_brand","embeddable":true,"href":"https:\/\/www.regionalis.shop\/ricardart\/wp-json\/wp\/v2\/product_brand?post=3025"},{"taxonomy":"product_cat","embeddable":true,"href":"https:\/\/www.regionalis.shop\/ricardart\/wp-json\/wp\/v2\/product_cat?post=3025"},{"taxonomy":"product_tag","embeddable":true,"href":"https:\/\/www.regionalis.shop\/ricardart\/wp-json\/wp\/v2\/product_tag?post=3025"}],"curies":[{"name":"wp","href":"https:\/\/api.w.org\/{rel}","templated":true}]}}