{"id":3032,"date":"2025-04-18T00:51:30","date_gmt":"2025-04-17T22:51:30","guid":{"rendered":"https:\/\/www.regionalis.shop\/ricardart\/product\/rubinzoisit-armband\/"},"modified":"2025-04-18T00:51:30","modified_gmt":"2025-04-17T22:51:30","slug":"rubinzoisit-armband","status":"publish","type":"product","link":"https:\/\/www.regionalis.shop\/ricardart\/shop\/rubinzoisit-armband\/","title":{"rendered":"Rubinzoisit Armband"},"content":{"rendered":"<p>Kraftvolles Heilsteinarmband mit Rubinzoisit \u2661<br \/>\nDas Armband ist aus sehr widerstandsf\u00e4higem, gewachstem Makrameegarn angefertigt und l\u00e4sst sich durch den l\u00e4ngenverstellbaren Schiebeknoten perfekt anpassen.<br \/>\n~ Ein kraftvoller Wegbegleiter, ob f\u00fcr dich oder eine\/n deiner Lieben \u2661<\/p>\n","protected":false},"excerpt":{"rendered":"<p>Kraftvolles Heilsteinarmband mit Rubinzoisit \u2661 Das Armband ist aus sehr widerstandsf\u00e4higem, gewachstem Makrameegarn angefertigt und l\u00e4sst sich durch den l\u00e4ngenverstellbaren Schiebeknoten perfekt anpassen. ~ Ein kraftvoller Wegbegleiter, ob f\u00fcr dich oder eine\/n deiner Lieben \u2661<\/p>\n","protected":false},"featured_media":3033,"template":"","meta":{"_acf_changed":false},"product_brand":[],"product_cat":[110,70],"product_tag":[],"class_list":{"0":"post-3032","1":"product","2":"type-product","3":"status-publish","4":"has-post-thumbnail","6":"product_cat-armbaender","7":"product_cat-schmuck","9":"first","10":"instock","11":"purchasable","12":"product-type-simple"},"acf":[],"_links":{"self":[{"href":"https:\/\/www.regionalis.shop\/ricardart\/wp-json\/wp\/v2\/product\/3032","targetHints":{"allow":["GET"]}}],"collection":[{"href":"https:\/\/www.regionalis.shop\/ricardart\/wp-json\/wp\/v2\/product"}],"about":[{"href":"https:\/\/www.regionalis.shop\/ricardart\/wp-json\/wp\/v2\/types\/product"}],"wp:featuredmedia":[{"embeddable":true,"href":"https:\/\/www.regionalis.shop\/ricardart\/wp-json\/wp\/v2\/media\/3033"}],"wp:attachment":[{"href":"https:\/\/www.regionalis.shop\/ricardart\/wp-json\/wp\/v2\/media?parent=3032"}],"wp:term":[{"taxonomy":"product_brand","embeddable":true,"href":"https:\/\/www.regionalis.shop\/ricardart\/wp-json\/wp\/v2\/product_brand?post=3032"},{"taxonomy":"product_cat","embeddable":true,"href":"https:\/\/www.regionalis.shop\/ricardart\/wp-json\/wp\/v2\/product_cat?post=3032"},{"taxonomy":"product_tag","embeddable":true,"href":"https:\/\/www.regionalis.shop\/ricardart\/wp-json\/wp\/v2\/product_tag?post=3032"}],"curies":[{"name":"wp","href":"https:\/\/api.w.org\/{rel}","templated":true}]}}