{"id":3041,"date":"2025-04-18T00:50:33","date_gmt":"2025-04-17T22:50:33","guid":{"rendered":"https:\/\/www.regionalis.shop\/ricardart\/product\/lapislazuli-armband-ajna-gold-beige\/"},"modified":"2025-04-18T00:50:33","modified_gmt":"2025-04-17T22:50:33","slug":"lapislazuli-armband-ajna-gold-beige","status":"publish","type":"product","link":"https:\/\/www.regionalis.shop\/ricardart\/shop\/lapislazuli-armband-ajna-gold-beige\/","title":{"rendered":"Lapislazuli Armband &#8218;\u00c3j\u00f1\u00e3&#8216; *gold\/beige"},"content":{"rendered":"<p>Kraftvolles Heilsteinarmband mit Lapislazuli<br \/>\nVon Hand gefertigtes Armband aus gewachstem, sehr strapazierf\u00e4higem Makrameegarn (wasserabweisend)<br \/>\nMit l\u00e4ngenverstellbarem Schiebeknoten zum individuellen anpassen<br \/>\n~ Ein kraftvoller Wegbegleiter, ob f\u00fcr dich oder eine\/n deiner Lieben  <\/p>\n<p>Du bekommst dein Armband in einem h\u00fcbschen Leinenbeutel verpackt, mit beigelegtem Steckbrief auf dem du die wichtigsten Infos zu deinem neuen Begleiter nachlesen kannst.<\/p>\n<p>\u300bLapislazuli\u00a0(Stirnchakra\/\u0100jn\u00e3)<br \/>\nSelbstvertrauen ~ Aufrichtigkeit ~ Optimismus ~ Wahrnehmung\u00a0<br \/>\nDer Lapislazuli st\u00e4rkt Ehrlichkeit &#038; Aufrichtigkeit<br \/>\nOft ist er auch als &#8218;Stein der Freundschaft&#8216; bekannt, da er besonders in zwischenmenschlichen Beziehungen ein wohlwollender &#038; unterst\u00fctzender Begleiter ist. (Dem Stirnchakra (3.Auge) zugeordnet, entfaltet er dort seine beste Wirkung)\u300a<\/p>\n","protected":false},"excerpt":{"rendered":"<p>Kraftvolles Heilsteinarmband mit Lapislazuli Von Hand gefertigtes Armband aus gewachstem, sehr strapazierf\u00e4higem Makrameegarn (wasserabweisend) Mit l\u00e4ngenverstellbarem Schiebeknoten zum individuellen anpassen ~ Ein kraftvoller Wegbegleiter, ob f\u00fcr dich oder eine\/n deiner Lieben Du bekommst dein Armband in einem h\u00fcbschen Leinenbeutel verpackt, mit beigelegtem Steckbrief auf dem du die wichtigsten Infos zu deinem neuen Begleiter nachlesen kannst. &hellip; <a href=\"https:\/\/www.regionalis.shop\/ricardart\/shop\/lapislazuli-armband-ajna-gold-beige\/\">Continued<\/a><\/p>\n","protected":false},"featured_media":3042,"template":"","meta":{"_acf_changed":false},"product_brand":[],"product_cat":[110,70],"product_tag":[],"class_list":{"0":"post-3041","1":"product","2":"type-product","3":"status-publish","4":"has-post-thumbnail","6":"product_cat-armbaender","7":"product_cat-schmuck","9":"first","10":"instock","11":"purchasable","12":"product-type-simple"},"acf":[],"_links":{"self":[{"href":"https:\/\/www.regionalis.shop\/ricardart\/wp-json\/wp\/v2\/product\/3041","targetHints":{"allow":["GET"]}}],"collection":[{"href":"https:\/\/www.regionalis.shop\/ricardart\/wp-json\/wp\/v2\/product"}],"about":[{"href":"https:\/\/www.regionalis.shop\/ricardart\/wp-json\/wp\/v2\/types\/product"}],"wp:featuredmedia":[{"embeddable":true,"href":"https:\/\/www.regionalis.shop\/ricardart\/wp-json\/wp\/v2\/media\/3042"}],"wp:attachment":[{"href":"https:\/\/www.regionalis.shop\/ricardart\/wp-json\/wp\/v2\/media?parent=3041"}],"wp:term":[{"taxonomy":"product_brand","embeddable":true,"href":"https:\/\/www.regionalis.shop\/ricardart\/wp-json\/wp\/v2\/product_brand?post=3041"},{"taxonomy":"product_cat","embeddable":true,"href":"https:\/\/www.regionalis.shop\/ricardart\/wp-json\/wp\/v2\/product_cat?post=3041"},{"taxonomy":"product_tag","embeddable":true,"href":"https:\/\/www.regionalis.shop\/ricardart\/wp-json\/wp\/v2\/product_tag?post=3041"}],"curies":[{"name":"wp","href":"https:\/\/api.w.org\/{rel}","templated":true}]}}