{"id":3046,"date":"2025-04-18T00:49:53","date_gmt":"2025-04-17T22:49:53","guid":{"rendered":"https:\/\/www.regionalis.shop\/ricardart\/product\/wickelarmband-granat\/"},"modified":"2025-04-18T00:49:53","modified_gmt":"2025-04-17T22:49:53","slug":"wickelarmband-granat","status":"publish","type":"product","link":"https:\/\/www.regionalis.shop\/ricardart\/shop\/wickelarmband-granat\/","title":{"rendered":"Wickelarmband *GRANAT*"},"content":{"rendered":"<p>&#8211; extralanges Makrameeband mit nat\u00fcrlichem Granat (Wurzelchakra)<br \/>\n&#8211; individuell &#038; flexibel einsetzbar (als Armband , Fu\u00dfkettchen oder um den Hals)<br \/>\n&#8211; druch das gewachste Garn leicht zu verknoten &#038; wieder zu \u00f6ffnen<br \/>\n&#8211; auf Wunsch gerne auch mit Schiebeknoten<\/p>\n","protected":false},"excerpt":{"rendered":"<p>&#8211; extralanges Makrameeband mit nat\u00fcrlichem Granat (Wurzelchakra) &#8211; individuell &#038; flexibel einsetzbar (als Armband , Fu\u00dfkettchen oder um den Hals) &#8211; druch das gewachste Garn leicht zu verknoten &#038; wieder zu \u00f6ffnen &#8211; auf Wunsch gerne auch mit Schiebeknoten<\/p>\n","protected":false},"featured_media":3047,"template":"","meta":{"_acf_changed":false},"product_brand":[],"product_cat":[110,70],"product_tag":[],"class_list":{"0":"post-3046","1":"product","2":"type-product","3":"status-publish","4":"has-post-thumbnail","6":"product_cat-armbaender","7":"product_cat-schmuck","9":"first","10":"instock","11":"purchasable","12":"product-type-simple"},"acf":[],"_links":{"self":[{"href":"https:\/\/www.regionalis.shop\/ricardart\/wp-json\/wp\/v2\/product\/3046","targetHints":{"allow":["GET"]}}],"collection":[{"href":"https:\/\/www.regionalis.shop\/ricardart\/wp-json\/wp\/v2\/product"}],"about":[{"href":"https:\/\/www.regionalis.shop\/ricardart\/wp-json\/wp\/v2\/types\/product"}],"wp:featuredmedia":[{"embeddable":true,"href":"https:\/\/www.regionalis.shop\/ricardart\/wp-json\/wp\/v2\/media\/3047"}],"wp:attachment":[{"href":"https:\/\/www.regionalis.shop\/ricardart\/wp-json\/wp\/v2\/media?parent=3046"}],"wp:term":[{"taxonomy":"product_brand","embeddable":true,"href":"https:\/\/www.regionalis.shop\/ricardart\/wp-json\/wp\/v2\/product_brand?post=3046"},{"taxonomy":"product_cat","embeddable":true,"href":"https:\/\/www.regionalis.shop\/ricardart\/wp-json\/wp\/v2\/product_cat?post=3046"},{"taxonomy":"product_tag","embeddable":true,"href":"https:\/\/www.regionalis.shop\/ricardart\/wp-json\/wp\/v2\/product_tag?post=3046"}],"curies":[{"name":"wp","href":"https:\/\/api.w.org\/{rel}","templated":true}]}}