{"id":3057,"date":"2025-04-18T00:42:28","date_gmt":"2025-04-17T22:42:28","guid":{"rendered":"https:\/\/www.regionalis.shop\/ricardart\/product\/doppelarmband-jaspis-malachit-lebensblume\/"},"modified":"2025-04-18T00:42:28","modified_gmt":"2025-04-17T22:42:28","slug":"doppelarmband-jaspis-malachit-lebensblume","status":"publish","type":"product","link":"https:\/\/www.regionalis.shop\/ricardart\/shop\/doppelarmband-jaspis-malachit-lebensblume\/","title":{"rendered":"Doppelarmband Jaspis \/ Malachit *Lebensblume"},"content":{"rendered":"<p>DER Wegbegleiter f\u00fcr jeden Tag \u2661<br \/>\nDie Lebensblume mit ihrer harmonisierenden, energetischen Wirkung in Kombination mit sorgf\u00e4ltig ausgew\u00e4hlten  Edelsteinen (Roter Jaspis oder Malachit) in ihrer wundersch\u00f6nen &#038; einzigartigen Rohform \u2661<br \/>\nBand aus gewachstem &#038; wasserfestem Makrameegarn, mit l\u00e4ngenverstellbarem Schiebeverschluss zum individuellen anpassen<br \/>\n\u300bDu bekommst dein Armband liebevoll verpackt, in einer handbedruckten Box aus recyceltem Altpapier, mit beigelegten Steckbrief auf dem du die wichtigsten Infos zu deinem neuen Begleiter nachlesen kannst <\/p>\n<p>MALACHIT\u00a0(Herzchakra\/An\u00e3hata)<br \/>\nLebensfreude ~ Energie ~ enorm positive physische Wirkung ~<br \/>\nDiese einzigartige &#038; wundersch\u00f6ne Farbstruktur des Malachits geh\u00f6rt f\u00fcr mich definitiv zu den sch\u00f6nsten Ph\u00e4nomenen in der Welt der Mineralien \u2661\u00a0<br \/>\nWas den Malachit auch ganz besonders und einzigartig macht ist seine unglaubliche &#038; breit gef\u00e4cherte Wirkung auf unseren physischen K\u00f6rper.\u00a0<br \/>\nDie Frequenz des Malachits ist, anders als bei seinen &#8218;Geschwistersteinen&#8216; besonders auf unseren K\u00f6rper ausgerichtet\u00a0<br \/>\nAls &#8218;Hebammenstein&#8216; bekannt unterst\u00fctzt &#038; begleitet er nicht nur liebevoll werdende Mamas, auch neue Erdenb\u00fcrger beginnen ihr Dasein wohlbeh\u00fctet mit der sch\u00fctzenden Kraft des Malachits \u2661\u00a0<br \/>\n~~~<br \/>\nROTER JASPIS\u00a0(Wurzelchakra\/M\u016bl\u00e3dh\u00e3ra)<br \/>\nAusgeglichenheit &#8211; Zufriedenheit &#8211; Harmonie &#8211; Energie &#8211; Konfliktbereitschaft\u00a0<br \/>\nDer rote Jaspis wirkt wie ein Blitzableiter, indem er jegliche Blockaden l\u00f6st &#038; negative Energien harmonisiert. Er ist ein Stein f\u00fcr Vitalit\u00e4t &#038; Dynamik und soll dir dabei helfen aus deiner Antriebs-&#038; Willenlosigkeit auszubrechen,<br \/>\n(Sternzeichen: Widder)<\/p>\n","protected":false},"excerpt":{"rendered":"<p>DER Wegbegleiter f\u00fcr jeden Tag \u2661 Die Lebensblume mit ihrer harmonisierenden, energetischen Wirkung in Kombination mit sorgf\u00e4ltig ausgew\u00e4hlten Edelsteinen (Roter Jaspis oder Malachit) in ihrer wundersch\u00f6nen &#038; einzigartigen Rohform \u2661 Band aus gewachstem &#038; wasserfestem Makrameegarn, mit l\u00e4ngenverstellbarem Schiebeverschluss zum individuellen anpassen \u300bDu bekommst dein Armband liebevoll verpackt, in einer handbedruckten Box aus recyceltem Altpapier, &hellip; <a href=\"https:\/\/www.regionalis.shop\/ricardart\/shop\/doppelarmband-jaspis-malachit-lebensblume\/\">Continued<\/a><\/p>\n","protected":false},"featured_media":3058,"template":"","meta":{"_acf_changed":false},"product_brand":[],"product_cat":[110,70],"product_tag":[],"class_list":{"0":"post-3057","1":"product","2":"type-product","3":"status-publish","4":"has-post-thumbnail","6":"product_cat-armbaender","7":"product_cat-schmuck","9":"first","10":"instock","11":"purchasable","12":"product-type-simple"},"acf":[],"_links":{"self":[{"href":"https:\/\/www.regionalis.shop\/ricardart\/wp-json\/wp\/v2\/product\/3057","targetHints":{"allow":["GET"]}}],"collection":[{"href":"https:\/\/www.regionalis.shop\/ricardart\/wp-json\/wp\/v2\/product"}],"about":[{"href":"https:\/\/www.regionalis.shop\/ricardart\/wp-json\/wp\/v2\/types\/product"}],"wp:featuredmedia":[{"embeddable":true,"href":"https:\/\/www.regionalis.shop\/ricardart\/wp-json\/wp\/v2\/media\/3058"}],"wp:attachment":[{"href":"https:\/\/www.regionalis.shop\/ricardart\/wp-json\/wp\/v2\/media?parent=3057"}],"wp:term":[{"taxonomy":"product_brand","embeddable":true,"href":"https:\/\/www.regionalis.shop\/ricardart\/wp-json\/wp\/v2\/product_brand?post=3057"},{"taxonomy":"product_cat","embeddable":true,"href":"https:\/\/www.regionalis.shop\/ricardart\/wp-json\/wp\/v2\/product_cat?post=3057"},{"taxonomy":"product_tag","embeddable":true,"href":"https:\/\/www.regionalis.shop\/ricardart\/wp-json\/wp\/v2\/product_tag?post=3057"}],"curies":[{"name":"wp","href":"https:\/\/api.w.org\/{rel}","templated":true}]}}