{"id":3097,"date":"2025-04-18T00:24:08","date_gmt":"2025-04-17T22:24:08","guid":{"rendered":"https:\/\/www.regionalis.shop\/ricardart\/product\/halskette-lebensbaum-mit-tigerauge-rotem-jaspis\/"},"modified":"2025-04-18T00:24:08","modified_gmt":"2025-04-17T22:24:08","slug":"halskette-lebensbaum-mit-tigerauge-rotem-jaspis","status":"publish","type":"product","link":"https:\/\/www.regionalis.shop\/ricardart\/shop\/halskette-lebensbaum-mit-tigerauge-rotem-jaspis\/","title":{"rendered":"Halskette &#8218;Lebensbaum&#8216; mit Tigerauge &#038; rotem Jaspis"},"content":{"rendered":"<p>Halskette mit nat\u00fcrlichem Tigerauge &#038; rotem Jaspis (eine tolle Kombi f\u00fcr Durchsetzungsverm\u00f6gen &#038; Willenskraft)<\/p>\n<p>Mit Edelstahlverschluss (Karabiner) und Verl\u00e4ngerungskettchen,.<\/p>\n","protected":false},"excerpt":{"rendered":"<p>Halskette mit nat\u00fcrlichem Tigerauge &#038; rotem Jaspis (eine tolle Kombi f\u00fcr Durchsetzungsverm\u00f6gen &#038; Willenskraft) Mit Edelstahlverschluss (Karabiner) und Verl\u00e4ngerungskettchen,.<\/p>\n","protected":false},"featured_media":3098,"template":"","meta":{"_acf_changed":false},"product_brand":[],"product_cat":[141,70],"product_tag":[],"class_list":{"0":"post-3097","1":"product","2":"type-product","3":"status-publish","4":"has-post-thumbnail","6":"product_cat-halsketten","7":"product_cat-schmuck","9":"first","10":"instock","11":"purchasable","12":"product-type-simple"},"acf":[],"_links":{"self":[{"href":"https:\/\/www.regionalis.shop\/ricardart\/wp-json\/wp\/v2\/product\/3097","targetHints":{"allow":["GET"]}}],"collection":[{"href":"https:\/\/www.regionalis.shop\/ricardart\/wp-json\/wp\/v2\/product"}],"about":[{"href":"https:\/\/www.regionalis.shop\/ricardart\/wp-json\/wp\/v2\/types\/product"}],"wp:featuredmedia":[{"embeddable":true,"href":"https:\/\/www.regionalis.shop\/ricardart\/wp-json\/wp\/v2\/media\/3098"}],"wp:attachment":[{"href":"https:\/\/www.regionalis.shop\/ricardart\/wp-json\/wp\/v2\/media?parent=3097"}],"wp:term":[{"taxonomy":"product_brand","embeddable":true,"href":"https:\/\/www.regionalis.shop\/ricardart\/wp-json\/wp\/v2\/product_brand?post=3097"},{"taxonomy":"product_cat","embeddable":true,"href":"https:\/\/www.regionalis.shop\/ricardart\/wp-json\/wp\/v2\/product_cat?post=3097"},{"taxonomy":"product_tag","embeddable":true,"href":"https:\/\/www.regionalis.shop\/ricardart\/wp-json\/wp\/v2\/product_tag?post=3097"}],"curies":[{"name":"wp","href":"https:\/\/api.w.org\/{rel}","templated":true}]}}