{"id":3100,"date":"2025-04-18T00:23:33","date_gmt":"2025-04-17T22:23:33","guid":{"rendered":"https:\/\/www.regionalis.shop\/ricardart\/product\/chakra-bilderhalter-christmas\/"},"modified":"2025-04-18T00:23:33","modified_gmt":"2025-04-17T22:23:33","slug":"chakra-bilderhalter-christmas","status":"publish","type":"product","link":"https:\/\/www.regionalis.shop\/ricardart\/shop\/chakra-bilderhalter-christmas\/","title":{"rendered":"Chakra- Bilderhalter *CHRISTMAS*"},"content":{"rendered":"<p>Individueller Fotost\u00e4nder mit Edelsteinen &#038; Holzsockel<br \/>\n&#8211; die  Foto &#8211; Spirale aus Aludraht ist mit Edelsteinperlen best\u00fcckt &#038; steht auf einem ca 2cm dickem Holzsockel (jedes St\u00fcck ein Unikat)<br \/>\n-vielseitig verwendbar:  f\u00fcr Fotos\/ Bilder, Notizen, Karten, Erinnerungen oder auch f\u00fcr Einkaufslisten oder um eine kleine Nachricht f\u00fcr jemanden zu hinterlassen..<br \/>\n&#8211; au\u00dferdem auch passend  f\u00fcr Namensschilder\/ Preisschilder oder sonstige Beschilderungen<\/p>\n","protected":false},"excerpt":{"rendered":"<p>Individueller Fotost\u00e4nder mit Edelsteinen &#038; Holzsockel &#8211; die Foto &#8211; Spirale aus Aludraht ist mit Edelsteinperlen best\u00fcckt &#038; steht auf einem ca 2cm dickem Holzsockel (jedes St\u00fcck ein Unikat) -vielseitig verwendbar: f\u00fcr Fotos\/ Bilder, Notizen, Karten, Erinnerungen oder auch f\u00fcr Einkaufslisten oder um eine kleine Nachricht f\u00fcr jemanden zu hinterlassen.. &#8211; au\u00dferdem auch passend f\u00fcr &hellip; <a href=\"https:\/\/www.regionalis.shop\/ricardart\/shop\/chakra-bilderhalter-christmas\/\">Continued<\/a><\/p>\n","protected":false},"featured_media":3101,"template":"","meta":{"_acf_changed":false},"product_brand":[],"product_cat":[173,103],"product_tag":[],"class_list":{"0":"post-3100","1":"product","2":"type-product","3":"status-publish","4":"has-post-thumbnail","6":"product_cat-weihnachten","7":"product_cat-wohnen-deko","9":"first","10":"instock","11":"purchasable","12":"product-type-simple"},"acf":[],"_links":{"self":[{"href":"https:\/\/www.regionalis.shop\/ricardart\/wp-json\/wp\/v2\/product\/3100","targetHints":{"allow":["GET"]}}],"collection":[{"href":"https:\/\/www.regionalis.shop\/ricardart\/wp-json\/wp\/v2\/product"}],"about":[{"href":"https:\/\/www.regionalis.shop\/ricardart\/wp-json\/wp\/v2\/types\/product"}],"wp:featuredmedia":[{"embeddable":true,"href":"https:\/\/www.regionalis.shop\/ricardart\/wp-json\/wp\/v2\/media\/3101"}],"wp:attachment":[{"href":"https:\/\/www.regionalis.shop\/ricardart\/wp-json\/wp\/v2\/media?parent=3100"}],"wp:term":[{"taxonomy":"product_brand","embeddable":true,"href":"https:\/\/www.regionalis.shop\/ricardart\/wp-json\/wp\/v2\/product_brand?post=3100"},{"taxonomy":"product_cat","embeddable":true,"href":"https:\/\/www.regionalis.shop\/ricardart\/wp-json\/wp\/v2\/product_cat?post=3100"},{"taxonomy":"product_tag","embeddable":true,"href":"https:\/\/www.regionalis.shop\/ricardart\/wp-json\/wp\/v2\/product_tag?post=3100"}],"curies":[{"name":"wp","href":"https:\/\/api.w.org\/{rel}","templated":true}]}}