{"id":3107,"date":"2025-04-18T00:09:53","date_gmt":"2025-04-17T22:09:53","guid":{"rendered":"https:\/\/www.regionalis.shop\/ricardart\/product\/lebensblume-ohrringe-tuerkis-citrin-lava\/"},"modified":"2025-04-18T00:09:53","modified_gmt":"2025-04-17T22:09:53","slug":"lebensblume-ohrringe-tuerkis-citrin-lava","status":"publish","type":"product","link":"https:\/\/www.regionalis.shop\/ricardart\/shop\/lebensblume-ohrringe-tuerkis-citrin-lava\/","title":{"rendered":"Lebensblume Ohrringe T\u00fcrkis\/Citrin-Lava"},"content":{"rendered":"<p>Strahlende Ohrsch\u00e4tze mit nat\u00fcrlichen Edelsteinen in ihrer wundersch\u00f6nen &#038; einzigartigen Form (T\u00fcrkis\/Citrin)<br \/>\nDie Ohrhaken sind aus 925 Sterlingsilber\/vergoldet.<br \/>\nDie 17mm Lebensblume &#8211; Anh\u00e4nger aus nickelfreiem Messing gibt&#8217;s in gold oder silber.<\/p>\n","protected":false},"excerpt":{"rendered":"<p>Strahlende Ohrsch\u00e4tze mit nat\u00fcrlichen Edelsteinen in ihrer wundersch\u00f6nen &#038; einzigartigen Form (T\u00fcrkis\/Citrin) Die Ohrhaken sind aus 925 Sterlingsilber\/vergoldet. Die 17mm Lebensblume &#8211; Anh\u00e4nger aus nickelfreiem Messing gibt&#8217;s in gold oder silber.<\/p>\n","protected":false},"featured_media":3108,"template":"","meta":{"_acf_changed":false},"product_brand":[],"product_cat":[163,70],"product_tag":[],"class_list":{"0":"post-3107","1":"product","2":"type-product","3":"status-publish","4":"has-post-thumbnail","6":"product_cat-ohrringe","7":"product_cat-schmuck","9":"first","10":"instock","11":"purchasable","12":"product-type-simple"},"acf":[],"_links":{"self":[{"href":"https:\/\/www.regionalis.shop\/ricardart\/wp-json\/wp\/v2\/product\/3107","targetHints":{"allow":["GET"]}}],"collection":[{"href":"https:\/\/www.regionalis.shop\/ricardart\/wp-json\/wp\/v2\/product"}],"about":[{"href":"https:\/\/www.regionalis.shop\/ricardart\/wp-json\/wp\/v2\/types\/product"}],"wp:featuredmedia":[{"embeddable":true,"href":"https:\/\/www.regionalis.shop\/ricardart\/wp-json\/wp\/v2\/media\/3108"}],"wp:attachment":[{"href":"https:\/\/www.regionalis.shop\/ricardart\/wp-json\/wp\/v2\/media?parent=3107"}],"wp:term":[{"taxonomy":"product_brand","embeddable":true,"href":"https:\/\/www.regionalis.shop\/ricardart\/wp-json\/wp\/v2\/product_brand?post=3107"},{"taxonomy":"product_cat","embeddable":true,"href":"https:\/\/www.regionalis.shop\/ricardart\/wp-json\/wp\/v2\/product_cat?post=3107"},{"taxonomy":"product_tag","embeddable":true,"href":"https:\/\/www.regionalis.shop\/ricardart\/wp-json\/wp\/v2\/product_tag?post=3107"}],"curies":[{"name":"wp","href":"https:\/\/api.w.org\/{rel}","templated":true}]}}