{"id":3114,"date":"2025-04-18T00:08:58","date_gmt":"2025-04-17T22:08:58","guid":{"rendered":"https:\/\/www.regionalis.shop\/ricardart\/product\/armband-geometry-heart\/"},"modified":"2025-04-18T00:08:58","modified_gmt":"2025-04-17T22:08:58","slug":"armband-geometry-heart","status":"publish","type":"product","link":"https:\/\/www.regionalis.shop\/ricardart\/shop\/armband-geometry-heart\/","title":{"rendered":"Armband &#8218;Geometry Heart"},"content":{"rendered":"<p>Das von Hand gefertigte Armband aus gewachstem Makrameegarn (strapazierf\u00e4hig &#038; wasserabweisend) l\u00e4sst sich durch den l\u00e4ngenverstellbaren Schiebeverschluss individuell an jedes Handgelenk anpassen.<br \/>\nVerbindungsst\u00fcck: nickelfreies Messing 24mm x 20mm, ros\u00e9vergoldet\/versilbert<br \/>\nEin perfektes Geschenk &#8211; auch zum Muttertag \u2661<\/p>\n","protected":false},"excerpt":{"rendered":"<p>Das von Hand gefertigte Armband aus gewachstem Makrameegarn (strapazierf\u00e4hig &#038; wasserabweisend) l\u00e4sst sich durch den l\u00e4ngenverstellbaren Schiebeverschluss individuell an jedes Handgelenk anpassen. Verbindungsst\u00fcck: nickelfreies Messing 24mm x 20mm, ros\u00e9vergoldet\/versilbert Ein perfektes Geschenk &#8211; auch zum Muttertag \u2661<\/p>\n","protected":false},"featured_media":3115,"template":"","meta":{"_acf_changed":false},"product_brand":[],"product_cat":[110,70],"product_tag":[],"class_list":{"0":"post-3114","1":"product","2":"type-product","3":"status-publish","4":"has-post-thumbnail","6":"product_cat-armbaender","7":"product_cat-schmuck","9":"first","10":"instock","11":"purchasable","12":"product-type-simple"},"acf":[],"_links":{"self":[{"href":"https:\/\/www.regionalis.shop\/ricardart\/wp-json\/wp\/v2\/product\/3114","targetHints":{"allow":["GET"]}}],"collection":[{"href":"https:\/\/www.regionalis.shop\/ricardart\/wp-json\/wp\/v2\/product"}],"about":[{"href":"https:\/\/www.regionalis.shop\/ricardart\/wp-json\/wp\/v2\/types\/product"}],"wp:featuredmedia":[{"embeddable":true,"href":"https:\/\/www.regionalis.shop\/ricardart\/wp-json\/wp\/v2\/media\/3115"}],"wp:attachment":[{"href":"https:\/\/www.regionalis.shop\/ricardart\/wp-json\/wp\/v2\/media?parent=3114"}],"wp:term":[{"taxonomy":"product_brand","embeddable":true,"href":"https:\/\/www.regionalis.shop\/ricardart\/wp-json\/wp\/v2\/product_brand?post=3114"},{"taxonomy":"product_cat","embeddable":true,"href":"https:\/\/www.regionalis.shop\/ricardart\/wp-json\/wp\/v2\/product_cat?post=3114"},{"taxonomy":"product_tag","embeddable":true,"href":"https:\/\/www.regionalis.shop\/ricardart\/wp-json\/wp\/v2\/product_tag?post=3114"}],"curies":[{"name":"wp","href":"https:\/\/api.w.org\/{rel}","templated":true}]}}