{"id":3145,"date":"2025-04-18T00:03:26","date_gmt":"2025-04-17T22:03:26","guid":{"rendered":"https:\/\/www.regionalis.shop\/ricardart\/product\/ohrringe-lebensblume-amazonit\/"},"modified":"2025-04-18T00:03:26","modified_gmt":"2025-04-17T22:03:26","slug":"ohrringe-lebensblume-amazonit","status":"publish","type":"product","link":"https:\/\/www.regionalis.shop\/ricardart\/shop\/ohrringe-lebensblume-amazonit\/","title":{"rendered":"Ohrringe Lebensblume Amazonit"},"content":{"rendered":"<p>Die Ohrhaken sind aus antiallergenem Ohrhaken aus 925 versilbertem Edelstahl, Amazonitperlen (4mm &#038; 6mm) &#038; Lebensblume mit 20mm Durchmesser<br \/>\nGesamtl\u00e4nge (ohne Ohrhaken) 45mm<\/p>\n<p>Du bekommst deine Ohrringe liebevoll verpackt, in einer handbedruckten Box aus recyceltem Altpapier , mit pers\u00f6nlichem Steckbrief beigelegt auf dem du die wichtigsten Infos zu deinem neuen Begleiter nachlesen kannst\u00a0<br \/>\nAMAZONIT\u00a0 (Halschakra\/Vi\u015buddha)<\/p>\n<p>\u00a0Gelassenheit ~ innere Ruhe &#038; Balance ~ Frieden<br \/>\n\u00a0DER ANTI-STRESS-STEIN oder auch &#8218;\u00c4rger dich nicht Stein&#8216; unter meinen Sch\u00e4tzen \u2661\u00a0<br \/>\n\u00a0Bei Wut, \u00c4rger &#038; Frust unterst\u00fctzt er dich dabei deinen Weg in die Gelassenheit zur\u00fcckzufinden<\/p>\n","protected":false},"excerpt":{"rendered":"<p>Die Ohrhaken sind aus antiallergenem Ohrhaken aus 925 versilbertem Edelstahl, Amazonitperlen (4mm &#038; 6mm) &#038; Lebensblume mit 20mm Durchmesser Gesamtl\u00e4nge (ohne Ohrhaken) 45mm Du bekommst deine Ohrringe liebevoll verpackt, in einer handbedruckten Box aus recyceltem Altpapier , mit pers\u00f6nlichem Steckbrief beigelegt auf dem du die wichtigsten Infos zu deinem neuen Begleiter nachlesen kannst\u00a0 AMAZONIT\u00a0 (Halschakra\/Vi\u015buddha) &hellip; <a href=\"https:\/\/www.regionalis.shop\/ricardart\/shop\/ohrringe-lebensblume-amazonit\/\">Continued<\/a><\/p>\n","protected":false},"featured_media":3146,"template":"","meta":{"_acf_changed":false},"product_brand":[],"product_cat":[163,70],"product_tag":[],"class_list":{"0":"post-3145","1":"product","2":"type-product","3":"status-publish","4":"has-post-thumbnail","6":"product_cat-ohrringe","7":"product_cat-schmuck","9":"first","10":"instock","11":"purchasable","12":"product-type-simple"},"acf":[],"_links":{"self":[{"href":"https:\/\/www.regionalis.shop\/ricardart\/wp-json\/wp\/v2\/product\/3145","targetHints":{"allow":["GET"]}}],"collection":[{"href":"https:\/\/www.regionalis.shop\/ricardart\/wp-json\/wp\/v2\/product"}],"about":[{"href":"https:\/\/www.regionalis.shop\/ricardart\/wp-json\/wp\/v2\/types\/product"}],"wp:featuredmedia":[{"embeddable":true,"href":"https:\/\/www.regionalis.shop\/ricardart\/wp-json\/wp\/v2\/media\/3146"}],"wp:attachment":[{"href":"https:\/\/www.regionalis.shop\/ricardart\/wp-json\/wp\/v2\/media?parent=3145"}],"wp:term":[{"taxonomy":"product_brand","embeddable":true,"href":"https:\/\/www.regionalis.shop\/ricardart\/wp-json\/wp\/v2\/product_brand?post=3145"},{"taxonomy":"product_cat","embeddable":true,"href":"https:\/\/www.regionalis.shop\/ricardart\/wp-json\/wp\/v2\/product_cat?post=3145"},{"taxonomy":"product_tag","embeddable":true,"href":"https:\/\/www.regionalis.shop\/ricardart\/wp-json\/wp\/v2\/product_tag?post=3145"}],"curies":[{"name":"wp","href":"https:\/\/api.w.org\/{rel}","templated":true}]}}