{"id":3150,"date":"2025-04-18T00:03:26","date_gmt":"2025-04-17T22:03:26","guid":{"rendered":"https:\/\/www.regionalis.shop\/ricardart\/product\/armband-blume-des-lebens-nickelfrei\/"},"modified":"2025-04-18T00:03:26","modified_gmt":"2025-04-17T22:03:26","slug":"armband-blume-des-lebens-nickelfrei","status":"publish","type":"product","link":"https:\/\/www.regionalis.shop\/ricardart\/shop\/armband-blume-des-lebens-nickelfrei\/","title":{"rendered":"Armband &#8218;Blume des Lebens&#8216; (nickelfrei)"},"content":{"rendered":"<p>Armb\u00e4nder aus gewachstem Makrameegarn (strapazierf\u00e4hig &#038; wasserabweisend) mit Lebensblume aus hochwertigem, nickelfreiem Messing (16mm)<br \/>\nDurch den l\u00e4ngenverstellbaren Schiebeverschluss lassen Sie sich individuell perfekt an jedes Handgelenk anpassen.<\/p>\n","protected":false},"excerpt":{"rendered":"<p>Armb\u00e4nder aus gewachstem Makrameegarn (strapazierf\u00e4hig &#038; wasserabweisend) mit Lebensblume aus hochwertigem, nickelfreiem Messing (16mm) Durch den l\u00e4ngenverstellbaren Schiebeverschluss lassen Sie sich individuell perfekt an jedes Handgelenk anpassen.<\/p>\n","protected":false},"featured_media":3151,"template":"","meta":{"_acf_changed":false},"product_brand":[],"product_cat":[110,70],"product_tag":[],"class_list":{"0":"post-3150","1":"product","2":"type-product","3":"status-publish","4":"has-post-thumbnail","6":"product_cat-armbaender","7":"product_cat-schmuck","9":"first","10":"instock","11":"purchasable","12":"product-type-simple"},"acf":[],"_links":{"self":[{"href":"https:\/\/www.regionalis.shop\/ricardart\/wp-json\/wp\/v2\/product\/3150","targetHints":{"allow":["GET"]}}],"collection":[{"href":"https:\/\/www.regionalis.shop\/ricardart\/wp-json\/wp\/v2\/product"}],"about":[{"href":"https:\/\/www.regionalis.shop\/ricardart\/wp-json\/wp\/v2\/types\/product"}],"wp:featuredmedia":[{"embeddable":true,"href":"https:\/\/www.regionalis.shop\/ricardart\/wp-json\/wp\/v2\/media\/3151"}],"wp:attachment":[{"href":"https:\/\/www.regionalis.shop\/ricardart\/wp-json\/wp\/v2\/media?parent=3150"}],"wp:term":[{"taxonomy":"product_brand","embeddable":true,"href":"https:\/\/www.regionalis.shop\/ricardart\/wp-json\/wp\/v2\/product_brand?post=3150"},{"taxonomy":"product_cat","embeddable":true,"href":"https:\/\/www.regionalis.shop\/ricardart\/wp-json\/wp\/v2\/product_cat?post=3150"},{"taxonomy":"product_tag","embeddable":true,"href":"https:\/\/www.regionalis.shop\/ricardart\/wp-json\/wp\/v2\/product_tag?post=3150"}],"curies":[{"name":"wp","href":"https:\/\/api.w.org\/{rel}","templated":true}]}}