{"id":3155,"date":"2025-04-18T00:03:07","date_gmt":"2025-04-17T22:03:07","guid":{"rendered":"https:\/\/www.regionalis.shop\/ricardart\/product\/christmas-ohrringe-rentier-rosenquarz\/"},"modified":"2025-04-18T00:03:07","modified_gmt":"2025-04-17T22:03:07","slug":"christmas-ohrringe-rentier-rosenquarz","status":"publish","type":"product","link":"https:\/\/www.regionalis.shop\/ricardart\/shop\/christmas-ohrringe-rentier-rosenquarz\/","title":{"rendered":"Christmas Ohrringe *Rentier\/Rosenquarz*"},"content":{"rendered":"<p>Passend zur Weihnachtszeit<br \/>\nAus ros\u00e9farbenem, nickelfreien Messing mit Rosenquarzperlen.<br \/>\nH\u00f6he: ~6cm<br \/>\nOhrhaken: ros\u00e9vergoldeter Edelstahl<\/p>\n","protected":false},"excerpt":{"rendered":"<p>Passend zur Weihnachtszeit Aus ros\u00e9farbenem, nickelfreien Messing mit Rosenquarzperlen. H\u00f6he: ~6cm Ohrhaken: ros\u00e9vergoldeter Edelstahl<\/p>\n","protected":false},"featured_media":3156,"template":"","meta":{"_acf_changed":false},"product_brand":[],"product_cat":[163,70],"product_tag":[],"class_list":{"0":"post-3155","1":"product","2":"type-product","3":"status-publish","4":"has-post-thumbnail","6":"product_cat-ohrringe","7":"product_cat-schmuck","9":"first","10":"instock","11":"purchasable","12":"product-type-simple"},"acf":[],"_links":{"self":[{"href":"https:\/\/www.regionalis.shop\/ricardart\/wp-json\/wp\/v2\/product\/3155","targetHints":{"allow":["GET"]}}],"collection":[{"href":"https:\/\/www.regionalis.shop\/ricardart\/wp-json\/wp\/v2\/product"}],"about":[{"href":"https:\/\/www.regionalis.shop\/ricardart\/wp-json\/wp\/v2\/types\/product"}],"wp:featuredmedia":[{"embeddable":true,"href":"https:\/\/www.regionalis.shop\/ricardart\/wp-json\/wp\/v2\/media\/3156"}],"wp:attachment":[{"href":"https:\/\/www.regionalis.shop\/ricardart\/wp-json\/wp\/v2\/media?parent=3155"}],"wp:term":[{"taxonomy":"product_brand","embeddable":true,"href":"https:\/\/www.regionalis.shop\/ricardart\/wp-json\/wp\/v2\/product_brand?post=3155"},{"taxonomy":"product_cat","embeddable":true,"href":"https:\/\/www.regionalis.shop\/ricardart\/wp-json\/wp\/v2\/product_cat?post=3155"},{"taxonomy":"product_tag","embeddable":true,"href":"https:\/\/www.regionalis.shop\/ricardart\/wp-json\/wp\/v2\/product_tag?post=3155"}],"curies":[{"name":"wp","href":"https:\/\/api.w.org\/{rel}","templated":true}]}}