{"id":3159,"date":"2025-04-17T23:59:15","date_gmt":"2025-04-17T21:59:15","guid":{"rendered":"https:\/\/www.regionalis.shop\/ricardart\/product\/chakra-sonnenfaenger-snowflake-mit-bergkristallspirale\/"},"modified":"2025-04-17T23:59:15","modified_gmt":"2025-04-17T21:59:15","slug":"chakra-sonnenfaenger-snowflake-mit-bergkristallspirale","status":"publish","type":"product","link":"https:\/\/www.regionalis.shop\/ricardart\/shop\/chakra-sonnenfaenger-snowflake-mit-bergkristallspirale\/","title":{"rendered":"Chakra Sonnenf\u00e4nger *SNOWFLAKE* mit Bergkristallspirale"},"content":{"rendered":"<p>Hol dir Licht ins Haus!!!<br \/>\nDer Sonnenf\u00e4nger liebt es besonders vor Fenstern zu h\u00e4ngen. Laut Fengh Shui soll so verhindert werden, dass positive Energien zu schnell aus den Fenstern str\u00f6men. Energetisch &#038; harmonisierend!<br \/>\nF\u00e4llt Licht auf die Kristalle, so zeigt sich das wunderbare Farbenspektrun des Regenbogens<br \/>\nSchneeflocke aus Holz mit ausgew\u00e4hlten Edelsteinen zur Harmonisierung unserer 7 Hauptchakren.<\/p>\n<p>Passt ideal auch als Christbaumschmuck &#038;  Weihnachtsdeko<\/p>\n","protected":false},"excerpt":{"rendered":"<p>Hol dir Licht ins Haus!!! Der Sonnenf\u00e4nger liebt es besonders vor Fenstern zu h\u00e4ngen. Laut Fengh Shui soll so verhindert werden, dass positive Energien zu schnell aus den Fenstern str\u00f6men. Energetisch &#038; harmonisierend! F\u00e4llt Licht auf die Kristalle, so zeigt sich das wunderbare Farbenspektrun des Regenbogens Schneeflocke aus Holz mit ausgew\u00e4hlten Edelsteinen zur Harmonisierung unserer &hellip; <a href=\"https:\/\/www.regionalis.shop\/ricardart\/shop\/chakra-sonnenfaenger-snowflake-mit-bergkristallspirale\/\">Continued<\/a><\/p>\n","protected":false},"featured_media":3160,"template":"","meta":{"_acf_changed":false},"product_brand":[],"product_cat":[173,103],"product_tag":[],"class_list":{"0":"post-3159","1":"product","2":"type-product","3":"status-publish","4":"has-post-thumbnail","6":"product_cat-weihnachten","7":"product_cat-wohnen-deko","9":"first","10":"instock","11":"purchasable","12":"product-type-simple"},"acf":[],"_links":{"self":[{"href":"https:\/\/www.regionalis.shop\/ricardart\/wp-json\/wp\/v2\/product\/3159","targetHints":{"allow":["GET"]}}],"collection":[{"href":"https:\/\/www.regionalis.shop\/ricardart\/wp-json\/wp\/v2\/product"}],"about":[{"href":"https:\/\/www.regionalis.shop\/ricardart\/wp-json\/wp\/v2\/types\/product"}],"wp:featuredmedia":[{"embeddable":true,"href":"https:\/\/www.regionalis.shop\/ricardart\/wp-json\/wp\/v2\/media\/3160"}],"wp:attachment":[{"href":"https:\/\/www.regionalis.shop\/ricardart\/wp-json\/wp\/v2\/media?parent=3159"}],"wp:term":[{"taxonomy":"product_brand","embeddable":true,"href":"https:\/\/www.regionalis.shop\/ricardart\/wp-json\/wp\/v2\/product_brand?post=3159"},{"taxonomy":"product_cat","embeddable":true,"href":"https:\/\/www.regionalis.shop\/ricardart\/wp-json\/wp\/v2\/product_cat?post=3159"},{"taxonomy":"product_tag","embeddable":true,"href":"https:\/\/www.regionalis.shop\/ricardart\/wp-json\/wp\/v2\/product_tag?post=3159"}],"curies":[{"name":"wp","href":"https:\/\/api.w.org\/{rel}","templated":true}]}}