{"id":3166,"date":"2025-04-17T23:56:58","date_gmt":"2025-04-17T21:56:58","guid":{"rendered":"https:\/\/www.regionalis.shop\/ricardart\/product\/partnerarmband-tuerkis-18k-vergoldet\/"},"modified":"2025-04-17T23:56:58","modified_gmt":"2025-04-17T21:56:58","slug":"partnerarmband-tuerkis-18k-vergoldet","status":"publish","type":"product","link":"https:\/\/www.regionalis.shop\/ricardart\/shop\/partnerarmband-tuerkis-18k-vergoldet\/","title":{"rendered":"Partnerarmband *T\u00dcRKIS  18k vergoldet"},"content":{"rendered":"<p>F\u00fcr DICH &#038; deinen LIEBLINGSMENSCHEN<br \/>\nArmb\u00e4nder aus gewachstem Makrameegarn (wasserabweisend &#038; langlebig)<br \/>\nMit l\u00e4ngenverstellbarem Schiebeverschluss zum individuellen anpassen, kleinen Messingperlen &#038; nat\u00fcrlichem T\u00fcrkis<\/p>\n<p>\u300bDu bekommst deine Armb\u00e4nder h\u00fcbsch verpackt in einem handbedruckten Naturleinenbeutel &#038; mit pers\u00f6nlichem Steckbrief beigelegt, auf dem du die wichtigsten Infos zu deinem neuen Begleiter nachlesen kannst\u300a <\/p>\n<p>T\u00dcRKIS (Halschakra\/ Vi\u015buddha)<br \/>\nKreativit\u00e4t ~ Lebensfreude\/ Lebenskraft ~ Selbstbewusstsein ~ Kommunikation ~<br \/>\nDer wundersch\u00f6ne T\u00fcrkis ist ein Multitalent &#038; einer meiner pers\u00f6nlichen Lieblinge  Er unterstreicht deine individuellen Z\u00fcge &#038; deine Kreativit\u00e4t, f\u00f6rdert Selbstbewusstsein &#038; Kommunikation und ist auch im beruflichen Alltag &#038; beim Streben nach Erfolg ein positiver &#038; unterst\u00fctzender Begleiter.\u00a0 Besonders in schweren Krisenzeiten, bei Kummer &#038; Depression ist der T\u00fcrkis ein wunderbarer Krisenhelfer \u00a0<br \/>\n\u00a0Sternzeichen: Skorpion\u00a0<\/p>\n","protected":false},"excerpt":{"rendered":"<p>F\u00fcr DICH &#038; deinen LIEBLINGSMENSCHEN Armb\u00e4nder aus gewachstem Makrameegarn (wasserabweisend &#038; langlebig) Mit l\u00e4ngenverstellbarem Schiebeverschluss zum individuellen anpassen, kleinen Messingperlen &#038; nat\u00fcrlichem T\u00fcrkis \u300bDu bekommst deine Armb\u00e4nder h\u00fcbsch verpackt in einem handbedruckten Naturleinenbeutel &#038; mit pers\u00f6nlichem Steckbrief beigelegt, auf dem du die wichtigsten Infos zu deinem neuen Begleiter nachlesen kannst\u300a T\u00dcRKIS (Halschakra\/ Vi\u015buddha) Kreativit\u00e4t ~ &hellip; <a href=\"https:\/\/www.regionalis.shop\/ricardart\/shop\/partnerarmband-tuerkis-18k-vergoldet\/\">Continued<\/a><\/p>\n","protected":false},"featured_media":3167,"template":"","meta":{"_acf_changed":false},"product_brand":[],"product_cat":[110,70],"product_tag":[],"class_list":{"0":"post-3166","1":"product","2":"type-product","3":"status-publish","4":"has-post-thumbnail","6":"product_cat-armbaender","7":"product_cat-schmuck","9":"first","10":"instock","11":"purchasable","12":"product-type-simple"},"acf":[],"_links":{"self":[{"href":"https:\/\/www.regionalis.shop\/ricardart\/wp-json\/wp\/v2\/product\/3166","targetHints":{"allow":["GET"]}}],"collection":[{"href":"https:\/\/www.regionalis.shop\/ricardart\/wp-json\/wp\/v2\/product"}],"about":[{"href":"https:\/\/www.regionalis.shop\/ricardart\/wp-json\/wp\/v2\/types\/product"}],"wp:featuredmedia":[{"embeddable":true,"href":"https:\/\/www.regionalis.shop\/ricardart\/wp-json\/wp\/v2\/media\/3167"}],"wp:attachment":[{"href":"https:\/\/www.regionalis.shop\/ricardart\/wp-json\/wp\/v2\/media?parent=3166"}],"wp:term":[{"taxonomy":"product_brand","embeddable":true,"href":"https:\/\/www.regionalis.shop\/ricardart\/wp-json\/wp\/v2\/product_brand?post=3166"},{"taxonomy":"product_cat","embeddable":true,"href":"https:\/\/www.regionalis.shop\/ricardart\/wp-json\/wp\/v2\/product_cat?post=3166"},{"taxonomy":"product_tag","embeddable":true,"href":"https:\/\/www.regionalis.shop\/ricardart\/wp-json\/wp\/v2\/product_tag?post=3166"}],"curies":[{"name":"wp","href":"https:\/\/api.w.org\/{rel}","templated":true}]}}