{"id":3174,"date":"2025-04-17T23:54:15","date_gmt":"2025-04-17T21:54:15","guid":{"rendered":"https:\/\/www.regionalis.shop\/ricardart\/product\/partnerarmband-geometry-heart\/"},"modified":"2025-04-17T23:54:15","modified_gmt":"2025-04-17T21:54:15","slug":"partnerarmband-geometry-heart","status":"publish","type":"product","link":"https:\/\/www.regionalis.shop\/ricardart\/shop\/partnerarmband-geometry-heart\/","title":{"rendered":"Partnerarmband &#8218;Geometry Heart&#8216;"},"content":{"rendered":"<p>Handgefertigte Armb\u00e4nder mit l\u00e4ngenverstellbarem Schiebeknoten &#038; nickelfreiem Messingverbinder (in Silber oder ros\u00e9)<br \/>\nEine liebevolle Aufmerksamkeit f\u00fcr deine Liebsten, von Herzen geschenkt \u2661<\/p>\n","protected":false},"excerpt":{"rendered":"<p>Handgefertigte Armb\u00e4nder mit l\u00e4ngenverstellbarem Schiebeknoten &#038; nickelfreiem Messingverbinder (in Silber oder ros\u00e9) Eine liebevolle Aufmerksamkeit f\u00fcr deine Liebsten, von Herzen geschenkt \u2661<\/p>\n","protected":false},"featured_media":3175,"template":"","meta":{"_acf_changed":false},"product_brand":[],"product_cat":[110,70],"product_tag":[],"class_list":{"0":"post-3174","1":"product","2":"type-product","3":"status-publish","4":"has-post-thumbnail","6":"product_cat-armbaender","7":"product_cat-schmuck","9":"first","10":"instock","11":"purchasable","12":"product-type-simple"},"acf":[],"_links":{"self":[{"href":"https:\/\/www.regionalis.shop\/ricardart\/wp-json\/wp\/v2\/product\/3174","targetHints":{"allow":["GET"]}}],"collection":[{"href":"https:\/\/www.regionalis.shop\/ricardart\/wp-json\/wp\/v2\/product"}],"about":[{"href":"https:\/\/www.regionalis.shop\/ricardart\/wp-json\/wp\/v2\/types\/product"}],"wp:featuredmedia":[{"embeddable":true,"href":"https:\/\/www.regionalis.shop\/ricardart\/wp-json\/wp\/v2\/media\/3175"}],"wp:attachment":[{"href":"https:\/\/www.regionalis.shop\/ricardart\/wp-json\/wp\/v2\/media?parent=3174"}],"wp:term":[{"taxonomy":"product_brand","embeddable":true,"href":"https:\/\/www.regionalis.shop\/ricardart\/wp-json\/wp\/v2\/product_brand?post=3174"},{"taxonomy":"product_cat","embeddable":true,"href":"https:\/\/www.regionalis.shop\/ricardart\/wp-json\/wp\/v2\/product_cat?post=3174"},{"taxonomy":"product_tag","embeddable":true,"href":"https:\/\/www.regionalis.shop\/ricardart\/wp-json\/wp\/v2\/product_tag?post=3174"}],"curies":[{"name":"wp","href":"https:\/\/api.w.org\/{rel}","templated":true}]}}