{"id":3187,"date":"2025-04-17T23:53:39","date_gmt":"2025-04-17T21:53:39","guid":{"rendered":"https:\/\/www.regionalis.shop\/ricardart\/product\/partnerarmband-stars\/"},"modified":"2025-04-17T23:53:39","modified_gmt":"2025-04-17T21:53:39","slug":"partnerarmband-stars","status":"publish","type":"product","link":"https:\/\/www.regionalis.shop\/ricardart\/shop\/partnerarmband-stars\/","title":{"rendered":"Partnerarmband *STARS*"},"content":{"rendered":"<p>Zarte Armb\u00e4nder f\u00fcr DICH &#038; deinen LIEBLINGSMENSCHEN<br \/>\nAus gewachstem Makrameegarn (wasserfest &#038; strapazierf\u00e4hig), mit Messingsternchen (13mm) &#038; l\u00e4ngenverstellbarem Schiebeverschluss zum individuellen anpassen<\/p>\n","protected":false},"excerpt":{"rendered":"<p>Zarte Armb\u00e4nder f\u00fcr DICH &#038; deinen LIEBLINGSMENSCHEN Aus gewachstem Makrameegarn (wasserfest &#038; strapazierf\u00e4hig), mit Messingsternchen (13mm) &#038; l\u00e4ngenverstellbarem Schiebeverschluss zum individuellen anpassen<\/p>\n","protected":false},"featured_media":3188,"template":"","meta":{"_acf_changed":false},"product_brand":[],"product_cat":[110,70],"product_tag":[],"class_list":{"0":"post-3187","1":"product","2":"type-product","3":"status-publish","4":"has-post-thumbnail","6":"product_cat-armbaender","7":"product_cat-schmuck","9":"first","10":"instock","11":"purchasable","12":"product-type-simple"},"acf":[],"_links":{"self":[{"href":"https:\/\/www.regionalis.shop\/ricardart\/wp-json\/wp\/v2\/product\/3187","targetHints":{"allow":["GET"]}}],"collection":[{"href":"https:\/\/www.regionalis.shop\/ricardart\/wp-json\/wp\/v2\/product"}],"about":[{"href":"https:\/\/www.regionalis.shop\/ricardart\/wp-json\/wp\/v2\/types\/product"}],"wp:featuredmedia":[{"embeddable":true,"href":"https:\/\/www.regionalis.shop\/ricardart\/wp-json\/wp\/v2\/media\/3188"}],"wp:attachment":[{"href":"https:\/\/www.regionalis.shop\/ricardart\/wp-json\/wp\/v2\/media?parent=3187"}],"wp:term":[{"taxonomy":"product_brand","embeddable":true,"href":"https:\/\/www.regionalis.shop\/ricardart\/wp-json\/wp\/v2\/product_brand?post=3187"},{"taxonomy":"product_cat","embeddable":true,"href":"https:\/\/www.regionalis.shop\/ricardart\/wp-json\/wp\/v2\/product_cat?post=3187"},{"taxonomy":"product_tag","embeddable":true,"href":"https:\/\/www.regionalis.shop\/ricardart\/wp-json\/wp\/v2\/product_tag?post=3187"}],"curies":[{"name":"wp","href":"https:\/\/api.w.org\/{rel}","templated":true}]}}