{"id":3190,"date":"2025-04-17T23:45:17","date_gmt":"2025-04-17T21:45:17","guid":{"rendered":"https:\/\/www.regionalis.shop\/ricardart\/product\/chakra-armband-makramee\/"},"modified":"2025-04-17T23:45:17","modified_gmt":"2025-04-17T21:45:17","slug":"chakra-armband-makramee","status":"publish","type":"product","link":"https:\/\/www.regionalis.shop\/ricardart\/shop\/chakra-armband-makramee\/","title":{"rendered":"Chakra Armband Makramee"},"content":{"rendered":"<p>Handgekn\u00fcpfte Armb\u00e4nder aus wasserfestem Makrameegarn, mit l\u00e4ngenverstellbarem Schiebeverschluss und nat\u00fcrlichen Edelsteinen nach Wahl (4mm Perlen)<\/p>\n<p>&#8211; Amethyst (Kronenchakra)<br \/>\n&#8211; Lapislazuli (Stirnchakra)<br \/>\n&#8211; Aquamarin\/Chalzedon (Halschakra)<br \/>\n&#8211; Rhodonit (Herzchakra)<br \/>\n&#8211; Aventurin (Herzchakra)<br \/>\n&#8211; Tigerauge (Solarplexuschakra)<br \/>\n&#8211; Citrin (Solarplexuschakra)<br \/>\n&#8211; Granat (Wurzelchakra)<\/p>\n","protected":false},"excerpt":{"rendered":"<p>Handgekn\u00fcpfte Armb\u00e4nder aus wasserfestem Makrameegarn, mit l\u00e4ngenverstellbarem Schiebeverschluss und nat\u00fcrlichen Edelsteinen nach Wahl (4mm Perlen) &#8211; Amethyst (Kronenchakra) &#8211; Lapislazuli (Stirnchakra) &#8211; Aquamarin\/Chalzedon (Halschakra) &#8211; Rhodonit (Herzchakra) &#8211; Aventurin (Herzchakra) &#8211; Tigerauge (Solarplexuschakra) &#8211; Citrin (Solarplexuschakra) &#8211; Granat (Wurzelchakra)<\/p>\n","protected":false},"featured_media":3191,"template":"","meta":{"_acf_changed":false},"product_brand":[],"product_cat":[110,70],"product_tag":[],"class_list":{"0":"post-3190","1":"product","2":"type-product","3":"status-publish","4":"has-post-thumbnail","6":"product_cat-armbaender","7":"product_cat-schmuck","9":"first","10":"instock","11":"purchasable","12":"product-type-simple"},"acf":[],"_links":{"self":[{"href":"https:\/\/www.regionalis.shop\/ricardart\/wp-json\/wp\/v2\/product\/3190","targetHints":{"allow":["GET"]}}],"collection":[{"href":"https:\/\/www.regionalis.shop\/ricardart\/wp-json\/wp\/v2\/product"}],"about":[{"href":"https:\/\/www.regionalis.shop\/ricardart\/wp-json\/wp\/v2\/types\/product"}],"wp:featuredmedia":[{"embeddable":true,"href":"https:\/\/www.regionalis.shop\/ricardart\/wp-json\/wp\/v2\/media\/3191"}],"wp:attachment":[{"href":"https:\/\/www.regionalis.shop\/ricardart\/wp-json\/wp\/v2\/media?parent=3190"}],"wp:term":[{"taxonomy":"product_brand","embeddable":true,"href":"https:\/\/www.regionalis.shop\/ricardart\/wp-json\/wp\/v2\/product_brand?post=3190"},{"taxonomy":"product_cat","embeddable":true,"href":"https:\/\/www.regionalis.shop\/ricardart\/wp-json\/wp\/v2\/product_cat?post=3190"},{"taxonomy":"product_tag","embeddable":true,"href":"https:\/\/www.regionalis.shop\/ricardart\/wp-json\/wp\/v2\/product_tag?post=3190"}],"curies":[{"name":"wp","href":"https:\/\/api.w.org\/{rel}","templated":true}]}}