{"id":3197,"date":"2025-04-17T23:25:03","date_gmt":"2025-04-17T21:25:03","guid":{"rendered":"https:\/\/www.regionalis.shop\/ricardart\/product\/citrin-doppelarmband-mandala-gold\/"},"modified":"2025-04-17T23:25:03","modified_gmt":"2025-04-17T21:25:03","slug":"citrin-doppelarmband-mandala-gold","status":"publish","type":"product","link":"https:\/\/www.regionalis.shop\/ricardart\/shop\/citrin-doppelarmband-mandala-gold\/","title":{"rendered":"CITRIN Doppelarmband *MANDALA gold"},"content":{"rendered":"<p>CITRIN: unserem Solarplexuschakra zugeordnet. Steht f\u00fcr Lebensenergie &#038; Lebensfreude und wird bei Depressionen, Kummer &#038; Stress angewendet.<br \/>\nArmband:<br \/>\nHandgefertigt aus wasserfestem, sehr strapazierf\u00e4higem Makrameegarn (gewachst), mit nat\u00fcrlichem Citrin (4+6mm) &#038; l\u00e4ngenverstellbarem Schiebeverschluss zum individuellen Anpassen<br \/>\n*du bekommst dein Schmuckst\u00fcck h\u00fcbsch verpackt &#038; mit pers\u00f6nlichem Steckbrief beigelegt auf dem du die wichtigsten Infos zu deinem neuen Begleiter nachlesen kannst<\/p>\n","protected":false},"excerpt":{"rendered":"<p>CITRIN: unserem Solarplexuschakra zugeordnet. Steht f\u00fcr Lebensenergie &#038; Lebensfreude und wird bei Depressionen, Kummer &#038; Stress angewendet. Armband: Handgefertigt aus wasserfestem, sehr strapazierf\u00e4higem Makrameegarn (gewachst), mit nat\u00fcrlichem Citrin (4+6mm) &#038; l\u00e4ngenverstellbarem Schiebeverschluss zum individuellen Anpassen *du bekommst dein Schmuckst\u00fcck h\u00fcbsch verpackt &#038; mit pers\u00f6nlichem Steckbrief beigelegt auf dem du die wichtigsten Infos zu deinem neuen &hellip; <a href=\"https:\/\/www.regionalis.shop\/ricardart\/shop\/citrin-doppelarmband-mandala-gold\/\">Continued<\/a><\/p>\n","protected":false},"featured_media":3198,"template":"","meta":{"_acf_changed":false},"product_brand":[],"product_cat":[110,70],"product_tag":[],"class_list":{"0":"post-3197","1":"product","2":"type-product","3":"status-publish","4":"has-post-thumbnail","6":"product_cat-armbaender","7":"product_cat-schmuck","9":"first","10":"instock","11":"purchasable","12":"product-type-simple"},"acf":[],"_links":{"self":[{"href":"https:\/\/www.regionalis.shop\/ricardart\/wp-json\/wp\/v2\/product\/3197","targetHints":{"allow":["GET"]}}],"collection":[{"href":"https:\/\/www.regionalis.shop\/ricardart\/wp-json\/wp\/v2\/product"}],"about":[{"href":"https:\/\/www.regionalis.shop\/ricardart\/wp-json\/wp\/v2\/types\/product"}],"wp:featuredmedia":[{"embeddable":true,"href":"https:\/\/www.regionalis.shop\/ricardart\/wp-json\/wp\/v2\/media\/3198"}],"wp:attachment":[{"href":"https:\/\/www.regionalis.shop\/ricardart\/wp-json\/wp\/v2\/media?parent=3197"}],"wp:term":[{"taxonomy":"product_brand","embeddable":true,"href":"https:\/\/www.regionalis.shop\/ricardart\/wp-json\/wp\/v2\/product_brand?post=3197"},{"taxonomy":"product_cat","embeddable":true,"href":"https:\/\/www.regionalis.shop\/ricardart\/wp-json\/wp\/v2\/product_cat?post=3197"},{"taxonomy":"product_tag","embeddable":true,"href":"https:\/\/www.regionalis.shop\/ricardart\/wp-json\/wp\/v2\/product_tag?post=3197"}],"curies":[{"name":"wp","href":"https:\/\/api.w.org\/{rel}","templated":true}]}}