{"id":3204,"date":"2025-04-17T23:20:07","date_gmt":"2025-04-17T21:20:07","guid":{"rendered":"https:\/\/www.regionalis.shop\/ricardart\/product\/lebensblume-wickelarmband-tuerkis\/"},"modified":"2025-04-17T23:20:07","modified_gmt":"2025-04-17T21:20:07","slug":"lebensblume-wickelarmband-tuerkis","status":"publish","type":"product","link":"https:\/\/www.regionalis.shop\/ricardart\/shop\/lebensblume-wickelarmband-tuerkis\/","title":{"rendered":"Lebensblume Wickel(arm)band &#8218;T\u00fcrkis&#8216;"},"content":{"rendered":"<p>Extralanges Edelsteinband (mind. 60cm) mit antiksilberner Lebensblume (20mm Durchmesser), nat\u00fcrlichem T\u00fcrkis &#038; Lapislazuli<br \/>\nVon Hand gefertigt aus gewachstem, sehr strapazierf\u00e4higem, sowie wasserfestem Makrameegarn, mit l\u00e4ngenverstellbarem Schiebeverschluss zum individuellen anpassen.<\/p>\n","protected":false},"excerpt":{"rendered":"<p>Extralanges Edelsteinband (mind. 60cm) mit antiksilberner Lebensblume (20mm Durchmesser), nat\u00fcrlichem T\u00fcrkis &#038; Lapislazuli Von Hand gefertigt aus gewachstem, sehr strapazierf\u00e4higem, sowie wasserfestem Makrameegarn, mit l\u00e4ngenverstellbarem Schiebeverschluss zum individuellen anpassen.<\/p>\n","protected":false},"featured_media":3205,"template":"","meta":{"_acf_changed":false},"product_brand":[],"product_cat":[110,70],"product_tag":[],"class_list":{"0":"post-3204","1":"product","2":"type-product","3":"status-publish","4":"has-post-thumbnail","6":"product_cat-armbaender","7":"product_cat-schmuck","9":"first","10":"instock","11":"purchasable","12":"product-type-simple"},"acf":[],"_links":{"self":[{"href":"https:\/\/www.regionalis.shop\/ricardart\/wp-json\/wp\/v2\/product\/3204","targetHints":{"allow":["GET"]}}],"collection":[{"href":"https:\/\/www.regionalis.shop\/ricardart\/wp-json\/wp\/v2\/product"}],"about":[{"href":"https:\/\/www.regionalis.shop\/ricardart\/wp-json\/wp\/v2\/types\/product"}],"wp:featuredmedia":[{"embeddable":true,"href":"https:\/\/www.regionalis.shop\/ricardart\/wp-json\/wp\/v2\/media\/3205"}],"wp:attachment":[{"href":"https:\/\/www.regionalis.shop\/ricardart\/wp-json\/wp\/v2\/media?parent=3204"}],"wp:term":[{"taxonomy":"product_brand","embeddable":true,"href":"https:\/\/www.regionalis.shop\/ricardart\/wp-json\/wp\/v2\/product_brand?post=3204"},{"taxonomy":"product_cat","embeddable":true,"href":"https:\/\/www.regionalis.shop\/ricardart\/wp-json\/wp\/v2\/product_cat?post=3204"},{"taxonomy":"product_tag","embeddable":true,"href":"https:\/\/www.regionalis.shop\/ricardart\/wp-json\/wp\/v2\/product_tag?post=3204"}],"curies":[{"name":"wp","href":"https:\/\/api.w.org\/{rel}","templated":true}]}}