{"id":3212,"date":"2025-04-17T23:18:56","date_gmt":"2025-04-17T21:18:56","guid":{"rendered":"https:\/\/www.regionalis.shop\/ricardart\/product\/makramee-fussband-maaender-rose\/"},"modified":"2025-04-17T23:18:56","modified_gmt":"2025-04-17T21:18:56","slug":"makramee-fussband-maaender-rose","status":"publish","type":"product","link":"https:\/\/www.regionalis.shop\/ricardart\/shop\/makramee-fussband-maaender-rose\/","title":{"rendered":"Makramee Fu\u00dfband *MA\u00c4NDER* ros\u00e9"},"content":{"rendered":"<p>Handgefertigtes Makramee Fu\u00dfband aus gewachstem Makrameegarn (strapazierf\u00e4hig &#038; wasserfest), mit ros\u00e9vergoldeten Messinganh\u00e4ngern (12mm\/nickel\/cadmiumfrei) &#038; l\u00e4ngenverstellbarem Schiebeverschluss zum individuellen Anpassen<br \/>\n*du bekommst dein Schmuckst\u00fcck h\u00fcbsch verpackt in handbedrucktem, recyceltem Altpapier- individuell &#038; umweltfreundlich<\/p>\n","protected":false},"excerpt":{"rendered":"<p>Handgefertigtes Makramee Fu\u00dfband aus gewachstem Makrameegarn (strapazierf\u00e4hig &#038; wasserfest), mit ros\u00e9vergoldeten Messinganh\u00e4ngern (12mm\/nickel\/cadmiumfrei) &#038; l\u00e4ngenverstellbarem Schiebeverschluss zum individuellen Anpassen *du bekommst dein Schmuckst\u00fcck h\u00fcbsch verpackt in handbedrucktem, recyceltem Altpapier- individuell &#038; umweltfreundlich<\/p>\n","protected":false},"featured_media":3213,"template":"","meta":{"_acf_changed":false},"product_brand":[],"product_cat":[154,70],"product_tag":[],"class_list":{"0":"post-3212","1":"product","2":"type-product","3":"status-publish","4":"has-post-thumbnail","6":"product_cat-koerperschmuck","7":"product_cat-schmuck","9":"first","10":"instock","11":"purchasable","12":"product-type-simple"},"acf":[],"_links":{"self":[{"href":"https:\/\/www.regionalis.shop\/ricardart\/wp-json\/wp\/v2\/product\/3212","targetHints":{"allow":["GET"]}}],"collection":[{"href":"https:\/\/www.regionalis.shop\/ricardart\/wp-json\/wp\/v2\/product"}],"about":[{"href":"https:\/\/www.regionalis.shop\/ricardart\/wp-json\/wp\/v2\/types\/product"}],"wp:featuredmedia":[{"embeddable":true,"href":"https:\/\/www.regionalis.shop\/ricardart\/wp-json\/wp\/v2\/media\/3213"}],"wp:attachment":[{"href":"https:\/\/www.regionalis.shop\/ricardart\/wp-json\/wp\/v2\/media?parent=3212"}],"wp:term":[{"taxonomy":"product_brand","embeddable":true,"href":"https:\/\/www.regionalis.shop\/ricardart\/wp-json\/wp\/v2\/product_brand?post=3212"},{"taxonomy":"product_cat","embeddable":true,"href":"https:\/\/www.regionalis.shop\/ricardart\/wp-json\/wp\/v2\/product_cat?post=3212"},{"taxonomy":"product_tag","embeddable":true,"href":"https:\/\/www.regionalis.shop\/ricardart\/wp-json\/wp\/v2\/product_tag?post=3212"}],"curies":[{"name":"wp","href":"https:\/\/api.w.org\/{rel}","templated":true}]}}