{"id":3216,"date":"2025-04-17T23:18:56","date_gmt":"2025-04-17T21:18:56","guid":{"rendered":"https:\/\/www.regionalis.shop\/ricardart\/product\/fusskettchen-rhodochrosit-rose-braun\/"},"modified":"2025-04-17T23:18:56","modified_gmt":"2025-04-17T21:18:56","slug":"fusskettchen-rhodochrosit-rose-braun","status":"publish","type":"product","link":"https:\/\/www.regionalis.shop\/ricardart\/shop\/fusskettchen-rhodochrosit-rose-braun\/","title":{"rendered":"Fu\u00dfkettchen &#8218;Rhodochrosit&#8216; *ros\u00e9\/braun"},"content":{"rendered":"<p>Zartes, doppelreihiges Fu\u00dfkettchen mit nat\u00fcrlichen Rhodochrositperlen (4mm) &#038; l\u00e4ngenverstellbarem Schiebeverschluss zum individuellen anpassen.<br \/>\nDer ros\u00e9farbener Messinganh\u00e4nger mit 14mm Durchmesser ist nickelfrei!<br \/>\nDas Band aus gewachstem Makrameegarn ist au\u00dferdem sehr strapazierf\u00e4hig &#038; wasserfest &#8211; ideal also f\u00fcr den Sommer &#038; die Badesaison.<\/p>\n","protected":false},"excerpt":{"rendered":"<p>Zartes, doppelreihiges Fu\u00dfkettchen mit nat\u00fcrlichen Rhodochrositperlen (4mm) &#038; l\u00e4ngenverstellbarem Schiebeverschluss zum individuellen anpassen. Der ros\u00e9farbener Messinganh\u00e4nger mit 14mm Durchmesser ist nickelfrei! Das Band aus gewachstem Makrameegarn ist au\u00dferdem sehr strapazierf\u00e4hig &#038; wasserfest &#8211; ideal also f\u00fcr den Sommer &#038; die Badesaison.<\/p>\n","protected":false},"featured_media":3217,"template":"","meta":{"_acf_changed":false},"product_brand":[],"product_cat":[154,70],"product_tag":[],"class_list":{"0":"post-3216","1":"product","2":"type-product","3":"status-publish","4":"has-post-thumbnail","6":"product_cat-koerperschmuck","7":"product_cat-schmuck","9":"first","10":"instock","11":"purchasable","12":"product-type-simple"},"acf":[],"_links":{"self":[{"href":"https:\/\/www.regionalis.shop\/ricardart\/wp-json\/wp\/v2\/product\/3216","targetHints":{"allow":["GET"]}}],"collection":[{"href":"https:\/\/www.regionalis.shop\/ricardart\/wp-json\/wp\/v2\/product"}],"about":[{"href":"https:\/\/www.regionalis.shop\/ricardart\/wp-json\/wp\/v2\/types\/product"}],"wp:featuredmedia":[{"embeddable":true,"href":"https:\/\/www.regionalis.shop\/ricardart\/wp-json\/wp\/v2\/media\/3217"}],"wp:attachment":[{"href":"https:\/\/www.regionalis.shop\/ricardart\/wp-json\/wp\/v2\/media?parent=3216"}],"wp:term":[{"taxonomy":"product_brand","embeddable":true,"href":"https:\/\/www.regionalis.shop\/ricardart\/wp-json\/wp\/v2\/product_brand?post=3216"},{"taxonomy":"product_cat","embeddable":true,"href":"https:\/\/www.regionalis.shop\/ricardart\/wp-json\/wp\/v2\/product_cat?post=3216"},{"taxonomy":"product_tag","embeddable":true,"href":"https:\/\/www.regionalis.shop\/ricardart\/wp-json\/wp\/v2\/product_tag?post=3216"}],"curies":[{"name":"wp","href":"https:\/\/api.w.org\/{rel}","templated":true}]}}