{"id":3220,"date":"2025-04-17T23:18:34","date_gmt":"2025-04-17T21:18:34","guid":{"rendered":"https:\/\/www.regionalis.shop\/ricardart\/product\/wickelarmband-moosachat-trikona\/"},"modified":"2025-04-17T23:18:34","modified_gmt":"2025-04-17T21:18:34","slug":"wickelarmband-moosachat-trikona","status":"publish","type":"product","link":"https:\/\/www.regionalis.shop\/ricardart\/shop\/wickelarmband-moosachat-trikona\/","title":{"rendered":"Wickelarmband &#8218;Moosachat &#8211; Trikona&#8216;"},"content":{"rendered":"<p>Von Hand gefertigtes Edelsteinband (extralang &#8211; mind.60cm) aus gewachstem, sehr strapazierf\u00e4higem Makrameegarn (wasserfest) &#8211; individuell und flexibel zu tragen &#8211; als Armband, Fu\u00dfkettchen oder auch um den Hals&#8230;<br \/>\nMit nat\u00fcrlichem Moosachat in seiner wundersch\u00f6nen &#038; einzigartigen Rohform (somit wird auch jedes Schmuckst\u00fcck zu einem Unikat &#038; somit einzigartig)<\/p>\n<p>\u300bDu bekommst dein Edelsteinband auf einer Schmuckkarte in einem h\u00fcbschen Leinenbeutel verpackt\u300a<\/p>\n","protected":false},"excerpt":{"rendered":"<p>Von Hand gefertigtes Edelsteinband (extralang &#8211; mind.60cm) aus gewachstem, sehr strapazierf\u00e4higem Makrameegarn (wasserfest) &#8211; individuell und flexibel zu tragen &#8211; als Armband, Fu\u00dfkettchen oder auch um den Hals&#8230; Mit nat\u00fcrlichem Moosachat in seiner wundersch\u00f6nen &#038; einzigartigen Rohform (somit wird auch jedes Schmuckst\u00fcck zu einem Unikat &#038; somit einzigartig) \u300bDu bekommst dein Edelsteinband auf einer Schmuckkarte &hellip; <a href=\"https:\/\/www.regionalis.shop\/ricardart\/shop\/wickelarmband-moosachat-trikona\/\">Continued<\/a><\/p>\n","protected":false},"featured_media":3221,"template":"","meta":{"_acf_changed":false},"product_brand":[],"product_cat":[110,70],"product_tag":[],"class_list":{"0":"post-3220","1":"product","2":"type-product","3":"status-publish","4":"has-post-thumbnail","6":"product_cat-armbaender","7":"product_cat-schmuck","9":"first","10":"instock","11":"purchasable","12":"product-type-simple"},"acf":[],"_links":{"self":[{"href":"https:\/\/www.regionalis.shop\/ricardart\/wp-json\/wp\/v2\/product\/3220","targetHints":{"allow":["GET"]}}],"collection":[{"href":"https:\/\/www.regionalis.shop\/ricardart\/wp-json\/wp\/v2\/product"}],"about":[{"href":"https:\/\/www.regionalis.shop\/ricardart\/wp-json\/wp\/v2\/types\/product"}],"wp:featuredmedia":[{"embeddable":true,"href":"https:\/\/www.regionalis.shop\/ricardart\/wp-json\/wp\/v2\/media\/3221"}],"wp:attachment":[{"href":"https:\/\/www.regionalis.shop\/ricardart\/wp-json\/wp\/v2\/media?parent=3220"}],"wp:term":[{"taxonomy":"product_brand","embeddable":true,"href":"https:\/\/www.regionalis.shop\/ricardart\/wp-json\/wp\/v2\/product_brand?post=3220"},{"taxonomy":"product_cat","embeddable":true,"href":"https:\/\/www.regionalis.shop\/ricardart\/wp-json\/wp\/v2\/product_cat?post=3220"},{"taxonomy":"product_tag","embeddable":true,"href":"https:\/\/www.regionalis.shop\/ricardart\/wp-json\/wp\/v2\/product_tag?post=3220"}],"curies":[{"name":"wp","href":"https:\/\/api.w.org\/{rel}","templated":true}]}}