{"id":3225,"date":"2025-04-17T23:18:27","date_gmt":"2025-04-17T21:18:27","guid":{"rendered":"https:\/\/www.regionalis.shop\/ricardart\/product\/wickelarmband-tuerkis-mandala-silber\/"},"modified":"2025-04-17T23:18:27","modified_gmt":"2025-04-17T21:18:27","slug":"wickelarmband-tuerkis-mandala-silber","status":"publish","type":"product","link":"https:\/\/www.regionalis.shop\/ricardart\/shop\/wickelarmband-tuerkis-mandala-silber\/","title":{"rendered":"Wickelarmband T\u00fcrkis &#8211; Mandala silber"},"content":{"rendered":"<p>T\u00dcRKIS (Halschakra\/ Vi\u015buddha)<br \/>\nKreativit\u00e4t ~ Lebensfreude\/ Lebenskraft ~ Selbstbewusstsein ~ Kommunikation ~<br \/>\nDer wundersch\u00f6ne T\u00fcrkis ist ein Multitalent &#038; einer meiner pers\u00f6nlichen Lieblinge  Er unterstreicht deine individuellen Z\u00fcge &#038; deine Kreativit\u00e4t, f\u00f6rdert Selbstbewusstsein &#038; Kommunikation und ist auch im beruflichen Alltag &#038; beim Streben nach Erfolg ein positiver &#038; unterst\u00fctzender Begleiter.\u00a0 Besonders in schweren Krisenzeiten, bei Kummer &#038; Depression ist der T\u00fcrkis ein wunderbarer Krisenhelfer \u00a0Sternzeichen: Skorpion\u00a0<br \/>\nARMBAND:<br \/>\n&#8211; extralanges Band (mind. 60cm) aus wasserfestem Makrameegarn (gewachst &#038; strapazierf\u00e4hig)<br \/>\n&#8211; nickelfreie Metall Verbinder<br \/>\n&#8211; nat\u00fcrliche Edelsteine (T\u00fcrkis &#038; Amazonit)<br \/>\n&#8211; individuell &#038; flexibel einsetzbar (als Armband , Fu\u00dfkettchen, um den Hals und warum nicht auch als Lesezeichen?  \ud83d\ude42<br \/>\n&#8211; mit l\u00e4ngenverstellbarem Schiebeverschluss zum individuellen Anpassen <\/p>\n<p>*du bekommst dein Schmuckst\u00fcck h\u00fcbsch verpackt &#038; mit pers\u00f6nlichem Steckbrief beigelegt auf dem du die wichtigsten Infos zu deinem neuen Begleiter nachlesen kannst<\/p>\n","protected":false},"excerpt":{"rendered":"<p>T\u00dcRKIS (Halschakra\/ Vi\u015buddha) Kreativit\u00e4t ~ Lebensfreude\/ Lebenskraft ~ Selbstbewusstsein ~ Kommunikation ~ Der wundersch\u00f6ne T\u00fcrkis ist ein Multitalent &#038; einer meiner pers\u00f6nlichen Lieblinge Er unterstreicht deine individuellen Z\u00fcge &#038; deine Kreativit\u00e4t, f\u00f6rdert Selbstbewusstsein &#038; Kommunikation und ist auch im beruflichen Alltag &#038; beim Streben nach Erfolg ein positiver &#038; unterst\u00fctzender Begleiter.\u00a0 Besonders in schweren Krisenzeiten, &hellip; <a href=\"https:\/\/www.regionalis.shop\/ricardart\/shop\/wickelarmband-tuerkis-mandala-silber\/\">Continued<\/a><\/p>\n","protected":false},"featured_media":3226,"template":"","meta":{"_acf_changed":false},"product_brand":[],"product_cat":[110,70],"product_tag":[],"class_list":{"0":"post-3225","1":"product","2":"type-product","3":"status-publish","4":"has-post-thumbnail","6":"product_cat-armbaender","7":"product_cat-schmuck","9":"first","10":"instock","11":"purchasable","12":"product-type-simple"},"acf":[],"_links":{"self":[{"href":"https:\/\/www.regionalis.shop\/ricardart\/wp-json\/wp\/v2\/product\/3225","targetHints":{"allow":["GET"]}}],"collection":[{"href":"https:\/\/www.regionalis.shop\/ricardart\/wp-json\/wp\/v2\/product"}],"about":[{"href":"https:\/\/www.regionalis.shop\/ricardart\/wp-json\/wp\/v2\/types\/product"}],"wp:featuredmedia":[{"embeddable":true,"href":"https:\/\/www.regionalis.shop\/ricardart\/wp-json\/wp\/v2\/media\/3226"}],"wp:attachment":[{"href":"https:\/\/www.regionalis.shop\/ricardart\/wp-json\/wp\/v2\/media?parent=3225"}],"wp:term":[{"taxonomy":"product_brand","embeddable":true,"href":"https:\/\/www.regionalis.shop\/ricardart\/wp-json\/wp\/v2\/product_brand?post=3225"},{"taxonomy":"product_cat","embeddable":true,"href":"https:\/\/www.regionalis.shop\/ricardart\/wp-json\/wp\/v2\/product_cat?post=3225"},{"taxonomy":"product_tag","embeddable":true,"href":"https:\/\/www.regionalis.shop\/ricardart\/wp-json\/wp\/v2\/product_tag?post=3225"}],"curies":[{"name":"wp","href":"https:\/\/api.w.org\/{rel}","templated":true}]}}